{"id":2956,"date":"2022-06-08T09:50:25","date_gmt":"2022-06-08T09:50:25","guid":{"rendered":"https:\/\/jb-electronics.al\/?post_type=product&#038;p=2956"},"modified":"2022-10-04T10:44:11","modified_gmt":"2022-10-04T10:44:11","slug":"lavatrice-aeg-l8wbc61s","status":"publish","type":"product","link":"https:\/\/jb-electronics.al\/index.php\/product\/lavatrice-aeg-l8wbc61s\/","title":{"rendered":"Lar\u00ebse &#038; Thar\u00ebse AEG L8WBC61S"},"content":{"rendered":"","protected":false},"excerpt":{"rendered":"<p><strong>Specifika teknike<\/strong><\/p>\n<div class=\"ty-product-feature\"><span class=\"ty-product-feature__label\">Marka:<\/span> AEG<\/div>\n<div class=\"ty-product-feature\"><span class=\"ty-product-feature__label\">Modeli:<\/span> L 8WBC61S<\/div>\n<div class=\"ty-product-feature\"><span class=\"ty-product-feature__label\">Kapaciteti i larjes:<\/span> 10 kg<\/div>\n<div class=\"ty-product-feature\"><span class=\"ty-product-feature__label\">Kapaciteti i tharjes:<\/span> 6 kg<\/div>\n<div class=\"ty-product-feature\"><span class=\"ty-product-feature__label\">Shpejt\u00ebsia mas e centrifug\u00ebs:<\/span> 1600 rpm<\/div>\n<div class=\"ty-product-feature\"><span class=\"ty-product-feature__label\">Klasa e energjis\u00eb:<\/span> A<\/div>\n<div class=\"ty-product-feature\"><span class=\"ty-product-feature__label\">Klasa e performanc\u00ebs s\u00eb larjes:<\/span> A<\/div>\n<div class=\"ty-product-feature\"><span class=\"ty-product-feature__label\">Teknologjia e motorrit:<\/span> \u00d6koInverter<\/div>\n<div class=\"ty-product-feature\"><span class=\"ty-product-feature__label\">M\u00ebnyra e kontrollit:<\/span> Elektro-Mekanike<\/div>\n<div class=\"ty-product-feature\"><span class=\"ty-product-feature__label\">Instalimi:<\/span> Me q\u00ebndrim t\u00eb lir\u00eb<\/div>\n<div class=\"ty-product-feature\"><span class=\"ty-product-feature__label\">Display:<\/span> Po<\/div>\n<div class=\"ty-product-feature\"><span class=\"ty-product-feature__label\">Sensor peshe:<\/span> Po<\/div>\n<div class=\"ty-product-feature\"><span class=\"ty-product-feature__label\">Paralarje:<\/span> Po<\/div>\n<div class=\"ty-product-feature\"><span class=\"ty-product-feature__label\">Nisje e vonuar:<\/span> Po<\/div>\n<div class=\"ty-product-feature\"><span class=\"ty-product-feature__label\">Bllokim paneli:<\/span> Po<\/div>\n<div class=\"ty-product-feature\"><span class=\"ty-product-feature__label\">Programim i koh\u00ebs:<\/span> Po<\/div>\n<div class=\"ty-product-feature\"><span class=\"ty-product-feature__label\">Hapja e der\u00ebs:<\/span> Normale<\/div>\n<div class=\"ty-product-feature\"><span class=\"ty-product-feature__label\">Numri i programeve:<\/span> 10 programe<\/div>\n<div class=\"ty-product-feature\"><span class=\"ty-product-feature__label\">Program me avull:<\/span> Po<\/div>\n<div class=\"ty-product-feature\"><span class=\"ty-product-feature__label\">Programe speciale:<\/span> Program per rrobat e leshta,Delikate, Program Outdoor (per xhupat) etj.<\/div>\n<div class=\"ty-product-feature\"><span class=\"ty-product-feature__label\">Materiali i kazanit:<\/span> Carboran<\/div>\n<div class=\"ty-product-feature\"><span class=\"ty-product-feature__label\">Niveli i zhurm\u00ebs:<\/span> 51 dB<\/div>\n<div class=\"ty-product-feature\"><span class=\"ty-product-feature__label\">P\u00ebrmasat:<\/span> 85 x 60 x 61 cm<\/div>\n<div class=\"ty-product-feature\"><\/div>\n","protected":false},"featured_media":2957,"template":"","meta":[],"product_brand":[],"product_cat":[76,77,130],"product_tag":[],"class_list":{"0":"post-2956","1":"product","2":"type-product","3":"status-publish","4":"has-post-thumbnail","6":"product_cat-larja","7":"product_cat-larje-tharje","8":"product_cat-lavatrice-2","9":"description-off","11":"first","12":"instock","13":"shipping-taxable","14":"product-type-simple"},"_links":{"self":[{"href":"https:\/\/jb-electronics.al\/index.php\/wp-json\/wp\/v2\/product\/2956","targetHints":{"allow":["GET"]}}],"collection":[{"href":"https:\/\/jb-electronics.al\/index.php\/wp-json\/wp\/v2\/product"}],"about":[{"href":"https:\/\/jb-electronics.al\/index.php\/wp-json\/wp\/v2\/types\/product"}],"wp:featuredmedia":[{"embeddable":true,"href":"https:\/\/jb-electronics.al\/index.php\/wp-json\/wp\/v2\/media\/2957"}],"wp:attachment":[{"href":"https:\/\/jb-electronics.al\/index.php\/wp-json\/wp\/v2\/media?parent=2956"}],"wp:term":[{"taxonomy":"product_brand","embeddable":true,"href":"https:\/\/jb-electronics.al\/index.php\/wp-json\/wp\/v2\/product_brand?post=2956"},{"taxonomy":"product_cat","embeddable":true,"href":"https:\/\/jb-electronics.al\/index.php\/wp-json\/wp\/v2\/product_cat?post=2956"},{"taxonomy":"product_tag","embeddable":true,"href":"https:\/\/jb-electronics.al\/index.php\/wp-json\/wp\/v2\/product_tag?post=2956"}],"curies":[{"name":"wp","href":"https:\/\/api.w.org\/{rel}","templated":true}]}}