{"id":2938,"date":"2022-06-08T08:52:22","date_gmt":"2022-06-08T08:52:22","guid":{"rendered":"https:\/\/jb-electronics.al\/?post_type=product&#038;p=2938"},"modified":"2022-09-15T08:06:36","modified_gmt":"2022-09-15T08:06:36","slug":"lavatrice-samsung-ww70m644opw-le","status":"publish","type":"product","link":"https:\/\/jb-electronics.al\/index.php\/product\/lavatrice-samsung-ww70m644opw-le\/","title":{"rendered":"Lavatrice SAMSUNG WW70M644OPW\/LE"},"content":{"rendered":"","protected":false},"excerpt":{"rendered":"<p><strong>Specifika teknike<\/strong><\/p>\n<div class=\"ty-product-feature\"><span class=\"ty-product-feature__label\">Marka:<\/span> Samsung<\/div>\n<div class=\"ty-product-feature\"><span class=\"ty-product-feature__label\">Modeli:<\/span> WW 70M644OPW\/LE<\/div>\n<div class=\"ty-product-feature\"><span class=\"ty-product-feature__label\">Kapaciteti i larjes:<\/span> 7 kg<\/div>\n<div class=\"ty-product-feature\"><span class=\"ty-product-feature__label\">Shpejt\u00ebsia max e centrifug\u00ebs:<\/span> 1400 rpm<\/div>\n<div class=\"ty-product-feature\"><span class=\"ty-product-feature__label\">Klasa e energjigs\u00eb:<\/span> A+++(-40%)<\/div>\n<div class=\"ty-product-feature\"><span class=\"ty-product-feature__label\">Klasa e performanc\u00ebs s\u00eb larjes:<\/span> A<\/div>\n<div class=\"ty-product-feature\"><span class=\"ty-product-feature__label\">Teknologjia e motorrit:<\/span> Inverter<\/div>\n<div class=\"ty-product-feature\"><span class=\"ty-product-feature__label\">M\u00ebnyra e kontrollit:<\/span> Elektro-Mekanike<\/div>\n<div class=\"ty-product-feature\"><span class=\"ty-product-feature__label\">Instalimi:<\/span> Me q\u00ebndrim t\u00eb lir\u00eb<\/div>\n<div class=\"ty-product-feature\"><span class=\"ty-product-feature__label\">Display:<\/span> Po<\/div>\n<div class=\"ty-product-feature\"><span class=\"ty-product-feature__label\">Sensor peshe:<\/span> Po<\/div>\n<div class=\"ty-product-feature\"><span class=\"ty-product-feature__label\">Paralarje:<\/span> Po<\/div>\n<div class=\"ty-product-feature\"><span class=\"ty-product-feature__label\">Nisje e vonuar:<\/span> Po<\/div>\n<div class=\"ty-product-feature\"><span class=\"ty-product-feature__label\">Bllokim paneli:<\/span> Po<\/div>\n<div class=\"ty-product-feature\"><span class=\"ty-product-feature__label\">Programim i koh\u00ebs:<\/span> Po<\/div>\n<div class=\"ty-product-feature\"><span class=\"ty-product-feature__label\">Hapja e der\u00ebs:<\/span> Normale<\/div>\n<div class=\"ty-product-feature\"><span class=\"ty-product-feature__label\">Numri i programeve:<\/span> 14 programe<\/div>\n<div class=\"ty-product-feature\"><span class=\"ty-product-feature__label\">Program me avull:<\/span> Jo<\/div>\n<div class=\"ty-product-feature\"><span class=\"ty-product-feature__label\">Programe speciale:<\/span> Delikate,Batanije,Te leshtat etj<\/div>\n<div class=\"ty-product-feature\"><span class=\"ty-product-feature__label\">Materiali i kazanit:<\/span> I l\u00ebmuar (diamant)<\/div>\n<div class=\"ty-product-feature\"><span class=\"ty-product-feature__label\">Niveli i zhurm\u00ebs:<\/span> 50 dB<\/div>\n<div class=\"ty-product-feature\"><span class=\"ty-product-feature__label\">P\u00ebrmasat:<\/span> 85 x 60 x 55 cm<\/div>\n<div class=\"ty-product-feature\"><\/div>\n","protected":false},"featured_media":3744,"template":"","meta":[],"product_brand":[],"product_cat":[76,23,130],"product_tag":[],"class_list":{"0":"post-2938","1":"product","2":"type-product","3":"status-publish","4":"has-post-thumbnail","6":"product_cat-larja","7":"product_cat-lavatrice","8":"product_cat-lavatrice-2","9":"description-off","11":"first","12":"instock","13":"shipping-taxable","14":"product-type-simple"},"_links":{"self":[{"href":"https:\/\/jb-electronics.al\/index.php\/wp-json\/wp\/v2\/product\/2938","targetHints":{"allow":["GET"]}}],"collection":[{"href":"https:\/\/jb-electronics.al\/index.php\/wp-json\/wp\/v2\/product"}],"about":[{"href":"https:\/\/jb-electronics.al\/index.php\/wp-json\/wp\/v2\/types\/product"}],"wp:featuredmedia":[{"embeddable":true,"href":"https:\/\/jb-electronics.al\/index.php\/wp-json\/wp\/v2\/media\/3744"}],"wp:attachment":[{"href":"https:\/\/jb-electronics.al\/index.php\/wp-json\/wp\/v2\/media?parent=2938"}],"wp:term":[{"taxonomy":"product_brand","embeddable":true,"href":"https:\/\/jb-electronics.al\/index.php\/wp-json\/wp\/v2\/product_brand?post=2938"},{"taxonomy":"product_cat","embeddable":true,"href":"https:\/\/jb-electronics.al\/index.php\/wp-json\/wp\/v2\/product_cat?post=2938"},{"taxonomy":"product_tag","embeddable":true,"href":"https:\/\/jb-electronics.al\/index.php\/wp-json\/wp\/v2\/product_tag?post=2938"}],"curies":[{"name":"wp","href":"https:\/\/api.w.org\/{rel}","templated":true}]}}