{"id":2920,"date":"2022-06-07T09:51:55","date_gmt":"2022-06-07T09:51:55","guid":{"rendered":"https:\/\/jb-electronics.al\/?post_type=product&#038;p=2920"},"modified":"2022-09-05T13:11:02","modified_gmt":"2022-09-05T13:11:02","slug":"lavatrice-lg-f4wv512s1e","status":"publish","type":"product","link":"https:\/\/jb-electronics.al\/index.php\/product\/lavatrice-lg-f4wv512s1e\/","title":{"rendered":"Lavatrice LG F4WV512S1E"},"content":{"rendered":"","protected":false},"excerpt":{"rendered":"<p><strong>Specifika teknike<\/strong><\/p>\n<p>Marka:LG<\/p>\n<p>Ngjyra: E bardh\u00eb<\/p>\n<p>Ekrani: Po<\/p>\n<p>Shpejt\u00ebsia: 1400 rpm<\/p>\n<p>Numri i programeve: 14<\/p>\n<p>V\u00ebllimi i rregulluesh\u00ebm i centrifug\u00ebs: Po<\/p>\n<p>Temperatura e rregullueshme: Po<\/p>\n<p>Fillimi i vonuar: Po<\/p>\n<p>Konsumi aktual: 62 kwh<\/p>\n<p>Kapaciteti: 12 kg<\/p>\n<p>P\u00ebrmasat: 85 x 60 x 61.5 cm<\/p>\n<p>Konsumi i ujit: 57 L<\/p>\n<p>Niveli i zhurm\u00ebs s\u00eb centrifug\u00ebs: 71 dB<\/p>\n<p>Motorri inverter: Po<\/p>\n<p>Motorr DD: Po<\/p>\n<p>Programi Steam: Po<\/p>\n<p>Karakteristikat inteligjente: Po<\/p>\n<p>Shtimi i rrobave: Po<\/p>\n<p>Klasa e energjis\u00eb: E<\/p>\n<p>&nbsp;<\/p>\n<p>&nbsp;<\/p>\n","protected":false},"featured_media":2922,"template":"","meta":[],"product_brand":[],"product_cat":[76,23,130],"product_tag":[],"class_list":{"0":"post-2920","1":"product","2":"type-product","3":"status-publish","4":"has-post-thumbnail","6":"product_cat-larja","7":"product_cat-lavatrice","8":"product_cat-lavatrice-2","9":"description-off","11":"first","12":"instock","13":"shipping-taxable","14":"product-type-simple"},"_links":{"self":[{"href":"https:\/\/jb-electronics.al\/index.php\/wp-json\/wp\/v2\/product\/2920","targetHints":{"allow":["GET"]}}],"collection":[{"href":"https:\/\/jb-electronics.al\/index.php\/wp-json\/wp\/v2\/product"}],"about":[{"href":"https:\/\/jb-electronics.al\/index.php\/wp-json\/wp\/v2\/types\/product"}],"wp:featuredmedia":[{"embeddable":true,"href":"https:\/\/jb-electronics.al\/index.php\/wp-json\/wp\/v2\/media\/2922"}],"wp:attachment":[{"href":"https:\/\/jb-electronics.al\/index.php\/wp-json\/wp\/v2\/media?parent=2920"}],"wp:term":[{"taxonomy":"product_brand","embeddable":true,"href":"https:\/\/jb-electronics.al\/index.php\/wp-json\/wp\/v2\/product_brand?post=2920"},{"taxonomy":"product_cat","embeddable":true,"href":"https:\/\/jb-electronics.al\/index.php\/wp-json\/wp\/v2\/product_cat?post=2920"},{"taxonomy":"product_tag","embeddable":true,"href":"https:\/\/jb-electronics.al\/index.php\/wp-json\/wp\/v2\/product_tag?post=2920"}],"curies":[{"name":"wp","href":"https:\/\/api.w.org\/{rel}","templated":true}]}}