{"id":2907,"date":"2022-06-07T08:05:15","date_gmt":"2022-06-07T08:05:15","guid":{"rendered":"https:\/\/jb-electronics.al\/?post_type=product&#038;p=2907"},"modified":"2022-10-04T10:42:26","modified_gmt":"2022-10-04T10:42:26","slug":"lavatrice-lg-f4dv328s0u","status":"publish","type":"product","link":"https:\/\/jb-electronics.al\/index.php\/product\/lavatrice-lg-f4dv328s0u\/","title":{"rendered":"Lar\u00ebse &#038; Thar\u00ebse LG F4DV328S0U"},"content":{"rendered":"","protected":false},"excerpt":{"rendered":"<p><strong>Specifika teknike<\/strong><\/p>\n<p>Marka: LG<\/p>\n<p>Makin\u00eb Lar\u00ebse-Thar\u00ebse<\/p>\n<p>Kapaciteti: 8Kg Larje \/ 6Kg Tharje<\/p>\n<p>Shpejt\u00ebsia e rrotullimeve: 1400 rpm<\/p>\n<p>Nr. Programeve: 14<\/p>\n<p>Ekrani: LED Display<\/p>\n<p>Lloji i motorrit: Inverter Direct Drive &#8211; 6 motion<\/p>\n<p>Steam\u2122<\/p>\n<p>Smart Diagnosis \u2122<\/p>\n<p>P\u00ebrmasat: 85x60x56.5cm<\/p>\n<p>Niveli i zhurm\u00ebs: 73dB<\/p>\n","protected":false},"featured_media":3738,"template":"","meta":[],"product_brand":[],"product_cat":[76,77,130],"product_tag":[],"class_list":{"0":"post-2907","1":"product","2":"type-product","3":"status-publish","4":"has-post-thumbnail","6":"product_cat-larja","7":"product_cat-larje-tharje","8":"product_cat-lavatrice-2","9":"description-off","11":"first","12":"instock","13":"shipping-taxable","14":"product-type-simple"},"_links":{"self":[{"href":"https:\/\/jb-electronics.al\/index.php\/wp-json\/wp\/v2\/product\/2907","targetHints":{"allow":["GET"]}}],"collection":[{"href":"https:\/\/jb-electronics.al\/index.php\/wp-json\/wp\/v2\/product"}],"about":[{"href":"https:\/\/jb-electronics.al\/index.php\/wp-json\/wp\/v2\/types\/product"}],"wp:featuredmedia":[{"embeddable":true,"href":"https:\/\/jb-electronics.al\/index.php\/wp-json\/wp\/v2\/media\/3738"}],"wp:attachment":[{"href":"https:\/\/jb-electronics.al\/index.php\/wp-json\/wp\/v2\/media?parent=2907"}],"wp:term":[{"taxonomy":"product_brand","embeddable":true,"href":"https:\/\/jb-electronics.al\/index.php\/wp-json\/wp\/v2\/product_brand?post=2907"},{"taxonomy":"product_cat","embeddable":true,"href":"https:\/\/jb-electronics.al\/index.php\/wp-json\/wp\/v2\/product_cat?post=2907"},{"taxonomy":"product_tag","embeddable":true,"href":"https:\/\/jb-electronics.al\/index.php\/wp-json\/wp\/v2\/product_tag?post=2907"}],"curies":[{"name":"wp","href":"https:\/\/api.w.org\/{rel}","templated":true}]}}