{"id":2901,"date":"2022-06-07T06:46:00","date_gmt":"2022-06-07T06:46:00","guid":{"rendered":"https:\/\/jb-electronics.al\/?post_type=product&#038;p=2901"},"modified":"2022-09-15T07:46:10","modified_gmt":"2022-09-15T07:46:10","slug":"lavatrice-lg-f4wv510s0e","status":"publish","type":"product","link":"https:\/\/jb-electronics.al\/index.php\/product\/lavatrice-lg-f4wv510s0e\/","title":{"rendered":"Lavatrice LG F4WV510S0E"},"content":{"rendered":"","protected":false},"excerpt":{"rendered":"<p><strong>Specifika teknike<\/strong><\/p>\n<p>Marka: LG<\/p>\n<p>Klasa e energjis\u00eb: B<\/p>\n<p>Shpejt\u00ebsia n\u00eb RPM: 1400<\/p>\n<p>Programet: 14<\/p>\n<p>Programi steam: Avulli<\/p>\n<p>Nisje e m\u00ebvonshme: Po<\/p>\n<p>Lidhje me wireless: Po<\/p>\n<p>Peshimi automatik: Po<\/p>\n<p>Ekran me prekje: Po<\/p>\n<p>Ekrani tregues: Po<\/p>\n<p>Kapaciteti lar\u00ebs: 10.5 kg<\/p>\n<p>Ngjyr\u00eb e bardh\u00eb<\/p>\n<p>Program t\u00eb shpejt\u00eb: 14(min)<\/p>\n<p>Turbowash: 59 min<\/p>\n<p>Lloji i ngarkes\u00ebs: T\u00eb p\u00ebrparme<\/p>\n<p>Konsumi i energjis\u00eb: 149 kwh<\/p>\n<p>P\u00ebrmasat: 85 x 60 x 56 cm<\/p>\n<p>&nbsp;<\/p>\n","protected":false},"featured_media":3735,"template":"","meta":[],"product_brand":[],"product_cat":[76,23,130],"product_tag":[],"class_list":{"0":"post-2901","1":"product","2":"type-product","3":"status-publish","4":"has-post-thumbnail","6":"product_cat-larja","7":"product_cat-lavatrice","8":"product_cat-lavatrice-2","9":"description-off","11":"first","12":"instock","13":"shipping-taxable","14":"product-type-simple"},"_links":{"self":[{"href":"https:\/\/jb-electronics.al\/index.php\/wp-json\/wp\/v2\/product\/2901","targetHints":{"allow":["GET"]}}],"collection":[{"href":"https:\/\/jb-electronics.al\/index.php\/wp-json\/wp\/v2\/product"}],"about":[{"href":"https:\/\/jb-electronics.al\/index.php\/wp-json\/wp\/v2\/types\/product"}],"wp:featuredmedia":[{"embeddable":true,"href":"https:\/\/jb-electronics.al\/index.php\/wp-json\/wp\/v2\/media\/3735"}],"wp:attachment":[{"href":"https:\/\/jb-electronics.al\/index.php\/wp-json\/wp\/v2\/media?parent=2901"}],"wp:term":[{"taxonomy":"product_brand","embeddable":true,"href":"https:\/\/jb-electronics.al\/index.php\/wp-json\/wp\/v2\/product_brand?post=2901"},{"taxonomy":"product_cat","embeddable":true,"href":"https:\/\/jb-electronics.al\/index.php\/wp-json\/wp\/v2\/product_cat?post=2901"},{"taxonomy":"product_tag","embeddable":true,"href":"https:\/\/jb-electronics.al\/index.php\/wp-json\/wp\/v2\/product_tag?post=2901"}],"curies":[{"name":"wp","href":"https:\/\/api.w.org\/{rel}","templated":true}]}}