{"id":2853,"date":"2022-06-01T11:44:27","date_gmt":"2022-06-01T11:44:27","guid":{"rendered":"https:\/\/jb-electronics.al\/?post_type=product&#038;p=2853"},"modified":"2022-08-08T08:36:43","modified_gmt":"2022-08-08T08:36:43","slug":"kondicioner-samsung-ar12txhqbwkneu","status":"publish","type":"product","link":"https:\/\/jb-electronics.al\/index.php\/product\/kondicioner-samsung-ar12txhqbwkneu\/","title":{"rendered":"Kond SAMSUNG AR12TXHQBWKNEU"},"content":{"rendered":"","protected":false},"excerpt":{"rendered":"<p><strong>Specifika teknike<\/strong><\/p>\n<p>Niveli i zhurm\u00ebs: 55\/65 dB<\/p>\n<p>P\u00ebrmasat e kok\u00ebs: 805 x 194 x 285 mm<\/p>\n<p>Instalimi: Mural<\/p>\n<p>Ngjyra e produktit: E bardh\u00eb<\/p>\n<p>Temperatura Max ( Ngrohje): -15 -24 &#8220;C<\/p>\n<p>Temperatura Max ( Ftohja): -10 -46 &#8220;C<\/p>\n<p>Kapaciteti i ftohjes ne Wat: 2900W<\/p>\n<p>Wireless: Jo<\/p>\n<p>Vler\u00ebsimi i eficenc\u00ebs s\u00eb energjis\u00eb (Ngrohja): 3.9<\/p>\n<p>Kapaciteti i ngrohjes n\u00eb wat: 3500 W<\/p>\n<p>Lloji i gazit: R32<\/p>\n<p>Teknologjia inverter: Po<\/p>\n<p>Autofan: Po<\/p>\n<p>Koh\u00ebmat\u00ebs: Po<\/p>\n<p>Diametri i tubit t\u00eb gazit: 9.52 mm<\/p>\n<p>Diametri i tubit t\u00eb l\u00ebng\u00ebt: 6.35 mm<\/p>\n<p>Kapaciteti ftoh\u00ebs: 12000 BTU\/or\u00eb<\/p>\n<p>Kapaciteti i ngrohjes: 12000 BTU\/or\u00eb<\/p>\n<p>Filter ajri: Po<\/p>\n<p>Klasa e efikasitet t\u00eb energjis\u00eb ( Ftohja): A++<\/p>\n<p>Konsumi vjetor i energjis\u00eb (Ftohja):211 KWH<\/p>\n<p>Konsumi vjetor i energjis\u00eb (Ngrohja):969 KWH<\/p>\n<p>Ngarkesa e dizajnit (Ftohja): 3.6 kW<\/p>\n<p>Sezoni mesatar i ngrohjes: 2.7 kW<\/p>\n<p>&nbsp;<\/p>\n<p>&nbsp;<\/p>\n","protected":false},"featured_media":2854,"template":"","meta":[],"product_brand":[],"product_cat":[196,192,139,29,80,143],"product_tag":[],"class_list":{"0":"post-2853","1":"product","2":"type-product","3":"status-publish","4":"has-post-thumbnail","6":"product_cat-12-2","7":"product_cat-192","8":"product_cat-kondicioner","9":"product_cat-kondicionere-murale","10":"product_cat-kondicioner-mural","11":"product_cat-mural","12":"description-off","14":"first","15":"instock","16":"shipping-taxable","17":"product-type-simple"},"_links":{"self":[{"href":"https:\/\/jb-electronics.al\/index.php\/wp-json\/wp\/v2\/product\/2853","targetHints":{"allow":["GET"]}}],"collection":[{"href":"https:\/\/jb-electronics.al\/index.php\/wp-json\/wp\/v2\/product"}],"about":[{"href":"https:\/\/jb-electronics.al\/index.php\/wp-json\/wp\/v2\/types\/product"}],"wp:featuredmedia":[{"embeddable":true,"href":"https:\/\/jb-electronics.al\/index.php\/wp-json\/wp\/v2\/media\/2854"}],"wp:attachment":[{"href":"https:\/\/jb-electronics.al\/index.php\/wp-json\/wp\/v2\/media?parent=2853"}],"wp:term":[{"taxonomy":"product_brand","embeddable":true,"href":"https:\/\/jb-electronics.al\/index.php\/wp-json\/wp\/v2\/product_brand?post=2853"},{"taxonomy":"product_cat","embeddable":true,"href":"https:\/\/jb-electronics.al\/index.php\/wp-json\/wp\/v2\/product_cat?post=2853"},{"taxonomy":"product_tag","embeddable":true,"href":"https:\/\/jb-electronics.al\/index.php\/wp-json\/wp\/v2\/product_tag?post=2853"}],"curies":[{"name":"wp","href":"https:\/\/api.w.org\/{rel}","templated":true}]}}