{"id":2847,"date":"2022-05-30T13:48:47","date_gmt":"2022-05-30T13:48:47","guid":{"rendered":"https:\/\/jb-electronics.al\/?post_type=product&#038;p=2847"},"modified":"2022-08-01T08:54:14","modified_gmt":"2022-08-01T08:54:14","slug":"kondicioner-arielli-asw-h18b4-fgr3di-eu","status":"publish","type":"product","link":"https:\/\/jb-electronics.al\/index.php\/product\/kondicioner-arielli-asw-h18b4-fgr3di-eu\/","title":{"rendered":"Kond ARIELLI ASW-H18B4\/FGR3DI-EU"},"content":{"rendered":"","protected":false},"excerpt":{"rendered":"<p><strong>Specifika teknike<\/strong><\/p>\n<p><strong>Specifika teknike<\/strong><\/p>\n<p>Kategoria: Mural<\/p>\n<p>Teknologjia: Inverter<\/p>\n<p>Funksionet: Ngrohje\/Ftohje<\/p>\n<p>Fuqia ne BTU: 18000 BTU<\/p>\n<p>Klasi i energjis\u00eb n\u00eb ngrohje: A+<\/p>\n<p>Klasi i energjis\u00eb n\u00eb ftohje: A++<\/p>\n<p>Gazi: R32 Ekologjik<\/p>\n<p>Funksion i rregullimit t\u00eb lag\u00ebshtir\u00ebs: Po<\/p>\n<p>Filta antibakterial: Po<\/p>\n<p>Niveli i zhurm\u00ebs split: 53 dB<\/p>\n<p>Niveli i zhurm\u00ebs kompresor: 65 dB<\/p>\n<p>Funksion turbo: PO<\/p>\n<p>Funksion temp n\u00eb ngrohje: min -15&#8243;C dhe max +43&#8243;C<\/p>\n<p>Ristartim automatik: Timer 24 or\u00eb: Po<\/p>\n<p>Dimensionet: Split: 90 x 31 x 23 cm<\/p>\n<p>&nbsp;<\/p>\n","protected":false},"featured_media":2848,"template":"","meta":[],"product_brand":[],"product_cat":[196,192,139,29,80,143],"product_tag":[],"class_list":{"0":"post-2847","1":"product","2":"type-product","3":"status-publish","4":"has-post-thumbnail","6":"product_cat-12-2","7":"product_cat-192","8":"product_cat-kondicioner","9":"product_cat-kondicionere-murale","10":"product_cat-kondicioner-mural","11":"product_cat-mural","12":"description-off","14":"first","15":"instock","16":"shipping-taxable","17":"product-type-simple"},"_links":{"self":[{"href":"https:\/\/jb-electronics.al\/index.php\/wp-json\/wp\/v2\/product\/2847","targetHints":{"allow":["GET"]}}],"collection":[{"href":"https:\/\/jb-electronics.al\/index.php\/wp-json\/wp\/v2\/product"}],"about":[{"href":"https:\/\/jb-electronics.al\/index.php\/wp-json\/wp\/v2\/types\/product"}],"wp:featuredmedia":[{"embeddable":true,"href":"https:\/\/jb-electronics.al\/index.php\/wp-json\/wp\/v2\/media\/2848"}],"wp:attachment":[{"href":"https:\/\/jb-electronics.al\/index.php\/wp-json\/wp\/v2\/media?parent=2847"}],"wp:term":[{"taxonomy":"product_brand","embeddable":true,"href":"https:\/\/jb-electronics.al\/index.php\/wp-json\/wp\/v2\/product_brand?post=2847"},{"taxonomy":"product_cat","embeddable":true,"href":"https:\/\/jb-electronics.al\/index.php\/wp-json\/wp\/v2\/product_cat?post=2847"},{"taxonomy":"product_tag","embeddable":true,"href":"https:\/\/jb-electronics.al\/index.php\/wp-json\/wp\/v2\/product_tag?post=2847"}],"curies":[{"name":"wp","href":"https:\/\/api.w.org\/{rel}","templated":true}]}}