{"id":2832,"date":"2022-05-26T09:31:52","date_gmt":"2022-05-26T09:31:52","guid":{"rendered":"https:\/\/jb-electronics.al\/?post_type=product&#038;p=2832"},"modified":"2022-09-07T06:18:59","modified_gmt":"2022-09-07T06:18:59","slug":"televizor-arielli-led32s214t2","status":"publish","type":"product","link":"https:\/\/jb-electronics.al\/index.php\/product\/televizor-arielli-led32s214t2\/","title":{"rendered":"Televizor ARIELLI LED32S214T2"},"content":{"rendered":"","protected":false},"excerpt":{"rendered":"<p><strong>Specifika teknike<\/strong><\/p>\n<p>Marka: Samsung<\/p>\n<div class=\"woocommerce-product-details__short-description\">\n<p>Ngjyr\u00eb e zez\u00eb<\/p>\n<p>Lloji i ekranit LED<\/p>\n<p>Zgjidhje HD \u00a01366 x 768<\/p>\n<p>Tuners DVB-T2, DVB-C<\/p>\n<p>Funksioni SMART<\/p>\n<p>Wi-Fi\u00a0 JO<\/p>\n<p>HDMI 3<\/p>\n<p>USB 1<\/p>\n<p>P\u00ebrputhshm\u00ebria VESA 10 x 10<\/p>\n<p>Imazhi i aspektit 16: 9<\/p>\n<p>Madh\u00ebsia e ekranit n\u00eb (cm) 81<\/p>\n<p>Madh\u00ebsia e ekranit n\u00eb (in\u00e7) 32<\/p>\n<p>Dimensionet pa stend\u00eb (H x W x D cm) 43 x 72.8 x 8.6<\/p>\n<p>Dimensionet me q\u00ebndrim (H x W x D cm) 48.1 x 72.8 x 20.1<\/p>\n<\/div>\n","protected":false},"featured_media":2833,"template":"","meta":[],"product_brand":[],"product_cat":[91,21],"product_tag":[],"class_list":{"0":"post-2832","1":"product","2":"type-product","3":"status-publish","4":"has-post-thumbnail","6":"product_cat-led","7":"product_cat-televizor","8":"description-off","10":"first","11":"instock","12":"shipping-taxable","13":"product-type-simple"},"_links":{"self":[{"href":"https:\/\/jb-electronics.al\/index.php\/wp-json\/wp\/v2\/product\/2832","targetHints":{"allow":["GET"]}}],"collection":[{"href":"https:\/\/jb-electronics.al\/index.php\/wp-json\/wp\/v2\/product"}],"about":[{"href":"https:\/\/jb-electronics.al\/index.php\/wp-json\/wp\/v2\/types\/product"}],"wp:featuredmedia":[{"embeddable":true,"href":"https:\/\/jb-electronics.al\/index.php\/wp-json\/wp\/v2\/media\/2833"}],"wp:attachment":[{"href":"https:\/\/jb-electronics.al\/index.php\/wp-json\/wp\/v2\/media?parent=2832"}],"wp:term":[{"taxonomy":"product_brand","embeddable":true,"href":"https:\/\/jb-electronics.al\/index.php\/wp-json\/wp\/v2\/product_brand?post=2832"},{"taxonomy":"product_cat","embeddable":true,"href":"https:\/\/jb-electronics.al\/index.php\/wp-json\/wp\/v2\/product_cat?post=2832"},{"taxonomy":"product_tag","embeddable":true,"href":"https:\/\/jb-electronics.al\/index.php\/wp-json\/wp\/v2\/product_tag?post=2832"}],"curies":[{"name":"wp","href":"https:\/\/api.w.org\/{rel}","templated":true}]}}