{"id":2830,"date":"2022-05-26T09:27:41","date_gmt":"2022-05-26T09:27:41","guid":{"rendered":"https:\/\/jb-electronics.al\/?post_type=product&#038;p=2830"},"modified":"2022-09-07T06:20:19","modified_gmt":"2022-09-07T06:20:19","slug":"televizor-samsung-ue75tu7172u","status":"publish","type":"product","link":"https:\/\/jb-electronics.al\/index.php\/product\/televizor-samsung-ue75tu7172u\/","title":{"rendered":"Televizor SAMSUNG UE75TU7172U"},"content":{"rendered":"","protected":false},"excerpt":{"rendered":"<p><strong>Specifika teknike<\/strong><\/p>\n<p>Marka: Samsung<\/p>\n<p><span class=\"Y2IQFc\" lang=\"sq\">Diagonalja e ekranit: 190.5 cm (75&#8243;)<\/span><\/p>\n<p><span class=\"Y2IQFc\" lang=\"sq\"> Rezolucioni i ekranit: 3840 x 2160 piksel<\/span><\/p>\n<p><span class=\"Y2IQFc\" lang=\"sq\"> Lloji HD: 4K Ultra HD<\/span><\/p>\n<p><span class=\"Y2IQFc\" lang=\"sq\"> Teknologjia e ekranit: LED<\/span><\/p>\n<p><span class=\"Y2IQFc\" lang=\"sq\"> Forma e ekranit: E shesht\u00eb.<\/span><\/p>\n<p><span class=\"Y2IQFc\" lang=\"sq\"> TV inteligjent. <\/span><\/p>\n<p><span class=\"Y2IQFc\" lang=\"sq\">Teknologjia e interpolimit t\u00eb l\u00ebvizjes: PQI (Indeksi i cil\u00ebsis\u00eb s\u00eb figur\u00ebs) 2000<\/span><\/p>\n<p><span class=\"Y2IQFc\" lang=\"sq\">Raporti origjinal i pamjes: 16: 9. <\/span><\/p>\n<p><span class=\"Y2IQFc\" lang=\"sq\">Sistemi i formatit t\u00eb sinjalit dixhital: DVB-C, DVB-S2, DVB-T2. Wi-Fi, LAN Ethernet. <\/span><\/p>\n<p><span class=\"Y2IQFc\" lang=\"sq\">Ngjyra e produktit: karboni, argjendi<\/span><\/p>\n","protected":false},"featured_media":2831,"template":"","meta":[],"product_brand":[],"product_cat":[91,21],"product_tag":[],"class_list":{"0":"post-2830","1":"product","2":"type-product","3":"status-publish","4":"has-post-thumbnail","6":"product_cat-led","7":"product_cat-televizor","8":"description-off","10":"first","11":"instock","12":"shipping-taxable","13":"product-type-simple"},"_links":{"self":[{"href":"https:\/\/jb-electronics.al\/index.php\/wp-json\/wp\/v2\/product\/2830","targetHints":{"allow":["GET"]}}],"collection":[{"href":"https:\/\/jb-electronics.al\/index.php\/wp-json\/wp\/v2\/product"}],"about":[{"href":"https:\/\/jb-electronics.al\/index.php\/wp-json\/wp\/v2\/types\/product"}],"wp:featuredmedia":[{"embeddable":true,"href":"https:\/\/jb-electronics.al\/index.php\/wp-json\/wp\/v2\/media\/2831"}],"wp:attachment":[{"href":"https:\/\/jb-electronics.al\/index.php\/wp-json\/wp\/v2\/media?parent=2830"}],"wp:term":[{"taxonomy":"product_brand","embeddable":true,"href":"https:\/\/jb-electronics.al\/index.php\/wp-json\/wp\/v2\/product_brand?post=2830"},{"taxonomy":"product_cat","embeddable":true,"href":"https:\/\/jb-electronics.al\/index.php\/wp-json\/wp\/v2\/product_cat?post=2830"},{"taxonomy":"product_tag","embeddable":true,"href":"https:\/\/jb-electronics.al\/index.php\/wp-json\/wp\/v2\/product_tag?post=2830"}],"curies":[{"name":"wp","href":"https:\/\/api.w.org\/{rel}","templated":true}]}}