{"id":2776,"date":"2022-05-20T10:16:44","date_gmt":"2022-05-20T10:16:44","guid":{"rendered":"https:\/\/jb-electronics.al\/?post_type=product&#038;p=2776"},"modified":"2022-10-01T06:56:42","modified_gmt":"2022-10-01T06:56:42","slug":"televizor-lg-43lk5000pla","status":"publish","type":"product","link":"https:\/\/jb-electronics.al\/index.php\/product\/televizor-lg-43lk5000pla\/","title":{"rendered":"Televizor LG 43LK5000PLA"},"content":{"rendered":"","protected":false},"excerpt":{"rendered":"<p><strong>Specifikat teknike<\/strong><\/p>\n<p>Madh\u00ebsia e ekranit: 43&#8243;<\/p>\n<p>Lloji HD: Plot\u00ebsisht HD<\/p>\n<p>Rezolucioni i ekranit: 1920 x 1080 px<\/p>\n<p>Teknologjia e\u00a0 ekranit LED<\/p>\n<p>Forma e ekranit: e shesht\u00eb<\/p>\n<p>Raporti i aspektit vendor 16:9<\/p>\n<p>Lloji i drit\u00ebs s\u00eb drites LED: Direct-LED<\/p>\n<p>Sistemi i formatit te sinjalit dixhital: DVB-C, DVB-S2, DVB-T2<\/p>\n<p>Smart tv: Jo<\/p>\n<p>Altoparlant\u00eb: 10W<\/p>\n<p>Ngjyra e produktit: e Zez\u00eb<\/p>\n<p>VESA n\u00eb rritje: Po<\/p>\n<p>Nd\u00ebrfaqja e montimit te panelit: 200 x 200 mm<\/p>\n<p>Sasia e porteve HDM1*2<\/p>\n<p>Sasia e portave USB 2.0*1<\/p>\n<p>Klasa e efikasitetit t\u00eb energjis\u00eb: A+<\/p>\n<p>Konsumi vjetor i energjis\u00eb: 79kWh<\/p>\n<p>Konsumi i energjis\u00eb (tipike): 54W<\/p>\n<p>Konsumi i energjis\u00eb(gadishm\u00ebria): 0.5W<\/p>\n<p>P\u00ebrmasat: gjer\u00ebsia 970 x lart\u00ebsia 569 x thell\u00ebsia 66.8 mm<\/p>\n","protected":false},"featured_media":4115,"template":"","meta":[],"product_brand":[],"product_cat":[91,21],"product_tag":[],"class_list":{"0":"post-2776","1":"product","2":"type-product","3":"status-publish","4":"has-post-thumbnail","6":"product_cat-led","7":"product_cat-televizor","8":"description-off","10":"first","11":"instock","12":"shipping-taxable","13":"product-type-simple"},"_links":{"self":[{"href":"https:\/\/jb-electronics.al\/index.php\/wp-json\/wp\/v2\/product\/2776","targetHints":{"allow":["GET"]}}],"collection":[{"href":"https:\/\/jb-electronics.al\/index.php\/wp-json\/wp\/v2\/product"}],"about":[{"href":"https:\/\/jb-electronics.al\/index.php\/wp-json\/wp\/v2\/types\/product"}],"wp:featuredmedia":[{"embeddable":true,"href":"https:\/\/jb-electronics.al\/index.php\/wp-json\/wp\/v2\/media\/4115"}],"wp:attachment":[{"href":"https:\/\/jb-electronics.al\/index.php\/wp-json\/wp\/v2\/media?parent=2776"}],"wp:term":[{"taxonomy":"product_brand","embeddable":true,"href":"https:\/\/jb-electronics.al\/index.php\/wp-json\/wp\/v2\/product_brand?post=2776"},{"taxonomy":"product_cat","embeddable":true,"href":"https:\/\/jb-electronics.al\/index.php\/wp-json\/wp\/v2\/product_cat?post=2776"},{"taxonomy":"product_tag","embeddable":true,"href":"https:\/\/jb-electronics.al\/index.php\/wp-json\/wp\/v2\/product_tag?post=2776"}],"curies":[{"name":"wp","href":"https:\/\/api.w.org\/{rel}","templated":true}]}}