{"id":2770,"date":"2022-05-20T09:46:06","date_gmt":"2022-05-20T09:46:06","guid":{"rendered":"https:\/\/jb-electronics.al\/?post_type=product&#038;p=2770"},"modified":"2022-10-01T06:53:53","modified_gmt":"2022-10-01T06:53:53","slug":"televizor-lglj500u-zb","status":"publish","type":"product","link":"https:\/\/jb-electronics.al\/index.php\/product\/televizor-lglj500u-zb\/","title":{"rendered":"Televizor LG LJ500U-ZB"},"content":{"rendered":"","protected":false},"excerpt":{"rendered":"<p><strong>Karakteristikat<\/strong><\/p>\n<p>Diagonal 32&#8243;<\/p>\n<p>Mpreht\u00ebsi HD i gatsh\u00ebm<\/p>\n<p>Shkalla e rifreskimit 50\/60 Hz<\/p>\n<p>Lloji i panelit LED i drejt\u00ebp\u00ebrdrejt\u00eb<\/p>\n<p>Lloji HDR nuk disponohet<\/p>\n<p>Volumi 10 W<\/p>\n<p>Marr\u00ebsi DVB-C, DVB-S2, DVB-T2<\/p>\n<p>Media Player Po<\/p>\n<p>HDM2<\/p>\n<p>USB<\/p>\n<p>Ethernet Jo<\/p>\n<p>Audio Optike dixhitale Po<\/p>\n<p>Bluetooth Po<\/p>\n<p>Viti i l\u00ebshimit 2017<\/p>\n<p>Pesh\u00eb 5.1 kg<\/p>\n<p>VESA Mount 100 x100 mm<\/p>\n<p>Dimensionet: gjer\u00ebsi 723 mm, lart\u00ebsi 438 mm, trash\u00ebsia 67.6 mm<\/p>\n<p>&nbsp;<\/p>\n","protected":false},"featured_media":4113,"template":"","meta":[],"product_brand":[],"product_cat":[91,21],"product_tag":[],"class_list":{"0":"post-2770","1":"product","2":"type-product","3":"status-publish","4":"has-post-thumbnail","6":"product_cat-led","7":"product_cat-televizor","8":"description-off","10":"first","11":"instock","12":"shipping-taxable","13":"product-type-simple"},"_links":{"self":[{"href":"https:\/\/jb-electronics.al\/index.php\/wp-json\/wp\/v2\/product\/2770","targetHints":{"allow":["GET"]}}],"collection":[{"href":"https:\/\/jb-electronics.al\/index.php\/wp-json\/wp\/v2\/product"}],"about":[{"href":"https:\/\/jb-electronics.al\/index.php\/wp-json\/wp\/v2\/types\/product"}],"wp:featuredmedia":[{"embeddable":true,"href":"https:\/\/jb-electronics.al\/index.php\/wp-json\/wp\/v2\/media\/4113"}],"wp:attachment":[{"href":"https:\/\/jb-electronics.al\/index.php\/wp-json\/wp\/v2\/media?parent=2770"}],"wp:term":[{"taxonomy":"product_brand","embeddable":true,"href":"https:\/\/jb-electronics.al\/index.php\/wp-json\/wp\/v2\/product_brand?post=2770"},{"taxonomy":"product_cat","embeddable":true,"href":"https:\/\/jb-electronics.al\/index.php\/wp-json\/wp\/v2\/product_cat?post=2770"},{"taxonomy":"product_tag","embeddable":true,"href":"https:\/\/jb-electronics.al\/index.php\/wp-json\/wp\/v2\/product_tag?post=2770"}],"curies":[{"name":"wp","href":"https:\/\/api.w.org\/{rel}","templated":true}]}}