{"id":2757,"date":"2022-05-17T06:53:26","date_gmt":"2022-05-17T06:53:26","guid":{"rendered":"https:\/\/jb-electronics.al\/?post_type=product&#038;p=2757"},"modified":"2022-09-01T09:26:09","modified_gmt":"2022-09-01T09:26:09","slug":"fshese-philips-fc6150-01","status":"publish","type":"product","link":"https:\/\/jb-electronics.al\/index.php\/product\/fshese-philips-fc6150-01\/","title":{"rendered":"Fshes\u00eb Philips FC6150\/01"},"content":{"rendered":"","protected":false},"excerpt":{"rendered":"<p><strong>Specifikat teknike<\/strong><\/p>\n<p>Marka: Philips<\/p>\n<p>Lloji: FC6150\/01<\/p>\n<p>Fuqia: 3.5 V<\/p>\n<p>Ngjyra: E bardh\u00eb<\/p>\n<p>Aksesore: 2<\/p>\n<p>Sistemi i filtrimit me 2 faza p\u00ebr rezultate optimale pastrimi<\/p>\n<p>Bateri NiMh p\u00ebr p\u00ebrdorim t\u00eb p\u00ebrditsh\u00ebm t\u00eb energjis\u00eb<\/p>\n<p>Funksionimi pa tela ju jep 100% l\u00ebvizshm\u00ebri<\/p>\n","protected":false},"featured_media":2759,"template":"","meta":[],"product_brand":[],"product_cat":[31,163],"product_tag":[],"class_list":{"0":"post-2757","1":"product","2":"type-product","3":"status-publish","4":"has-post-thumbnail","6":"product_cat-elektroshtepiake-te-vogla","7":"product_cat-fshese-me-korent","8":"description-off","10":"first","11":"instock","12":"shipping-taxable","13":"product-type-simple"},"_links":{"self":[{"href":"https:\/\/jb-electronics.al\/index.php\/wp-json\/wp\/v2\/product\/2757","targetHints":{"allow":["GET"]}}],"collection":[{"href":"https:\/\/jb-electronics.al\/index.php\/wp-json\/wp\/v2\/product"}],"about":[{"href":"https:\/\/jb-electronics.al\/index.php\/wp-json\/wp\/v2\/types\/product"}],"wp:featuredmedia":[{"embeddable":true,"href":"https:\/\/jb-electronics.al\/index.php\/wp-json\/wp\/v2\/media\/2759"}],"wp:attachment":[{"href":"https:\/\/jb-electronics.al\/index.php\/wp-json\/wp\/v2\/media?parent=2757"}],"wp:term":[{"taxonomy":"product_brand","embeddable":true,"href":"https:\/\/jb-electronics.al\/index.php\/wp-json\/wp\/v2\/product_brand?post=2757"},{"taxonomy":"product_cat","embeddable":true,"href":"https:\/\/jb-electronics.al\/index.php\/wp-json\/wp\/v2\/product_cat?post=2757"},{"taxonomy":"product_tag","embeddable":true,"href":"https:\/\/jb-electronics.al\/index.php\/wp-json\/wp\/v2\/product_tag?post=2757"}],"curies":[{"name":"wp","href":"https:\/\/api.w.org\/{rel}","templated":true}]}}