{"id":2740,"date":"2022-05-11T12:56:39","date_gmt":"2022-05-11T12:56:39","guid":{"rendered":"https:\/\/jb-electronics.al\/?post_type=product&#038;p=2740"},"modified":"2022-09-01T09:26:50","modified_gmt":"2022-09-01T09:26:50","slug":"fshese-arielli-4616wr","status":"publish","type":"product","link":"https:\/\/jb-electronics.al\/index.php\/product\/fshese-arielli-4616wr\/","title":{"rendered":"Fshes\u00eb ARIELLI 4616WR"},"content":{"rendered":"","protected":false},"excerpt":{"rendered":"<h3>P\u00ebrshkrimi i produktit<\/h3>\n<p>Fshes\u00eb me korent nga Arielli!<\/p>\n<p>Me filter HEPA dhe depozit\u00eb qese<\/p>\n<p><strong><em>Specifikat teknike:<\/em><\/strong><\/p>\n<p>Fuqia: 700W<\/p>\n<p>Ngjyre: E kuqe<\/p>\n<p>Lloji i depozit\u00ebs: I z\u00ebvend\u00ebsuesh\u00ebm<\/p>\n<p>Fuqia e rregullueshme: PO<\/p>\n<p>Lloji i zorr\u00ebs: Plastike<\/p>\n<p>Rrezja e veprimit: 8 m<\/p>\n<p>Filtri: HEPA 13<\/p>\n<p>Lloji i tubit: Metali<\/p>\n<p>Tipi i pastrimit: N\u00eb t\u00eb that\u00eb<\/p>\n<p>Niveli i zhurm\u00ebs (DB): 70<\/p>\n<p>Pesha: 7.5 Kg<\/p>\n<p>Gjat\u00ebsia e kabllit: 5m<\/p>\n<p>Aksesor\u00eb: Jo<\/p>\n<p>Garancia: 12 muaj<\/p>\n","protected":false},"featured_media":2742,"template":"","meta":[],"product_brand":[],"product_cat":[31,163,164],"product_tag":[],"class_list":{"0":"post-2740","1":"product","2":"type-product","3":"status-publish","4":"has-post-thumbnail","6":"product_cat-elektroshtepiake-te-vogla","7":"product_cat-fshese-me-korent","8":"product_cat-me-qese-2","9":"description-off","11":"first","12":"instock","13":"shipping-taxable","14":"product-type-simple"},"_links":{"self":[{"href":"https:\/\/jb-electronics.al\/index.php\/wp-json\/wp\/v2\/product\/2740","targetHints":{"allow":["GET"]}}],"collection":[{"href":"https:\/\/jb-electronics.al\/index.php\/wp-json\/wp\/v2\/product"}],"about":[{"href":"https:\/\/jb-electronics.al\/index.php\/wp-json\/wp\/v2\/types\/product"}],"wp:featuredmedia":[{"embeddable":true,"href":"https:\/\/jb-electronics.al\/index.php\/wp-json\/wp\/v2\/media\/2742"}],"wp:attachment":[{"href":"https:\/\/jb-electronics.al\/index.php\/wp-json\/wp\/v2\/media?parent=2740"}],"wp:term":[{"taxonomy":"product_brand","embeddable":true,"href":"https:\/\/jb-electronics.al\/index.php\/wp-json\/wp\/v2\/product_brand?post=2740"},{"taxonomy":"product_cat","embeddable":true,"href":"https:\/\/jb-electronics.al\/index.php\/wp-json\/wp\/v2\/product_cat?post=2740"},{"taxonomy":"product_tag","embeddable":true,"href":"https:\/\/jb-electronics.al\/index.php\/wp-json\/wp\/v2\/product_tag?post=2740"}],"curies":[{"name":"wp","href":"https:\/\/api.w.org\/{rel}","templated":true}]}}