{"id":2736,"date":"2022-05-11T10:50:07","date_gmt":"2022-05-11T10:50:07","guid":{"rendered":"https:\/\/jb-electronics.al\/?post_type=product&#038;p=2736"},"modified":"2022-09-01T09:26:58","modified_gmt":"2022-09-01T09:26:58","slug":"fshese-arielli-avc-307db","status":"publish","type":"product","link":"https:\/\/jb-electronics.al\/index.php\/product\/fshese-arielli-avc-307db\/","title":{"rendered":"Fshes\u00eb ARIELLI AVC-307DB"},"content":{"rendered":"","protected":false},"excerpt":{"rendered":"<h3>P\u00ebrshkrimi i produktit<\/h3>\n<p>Fshes\u00eb me korent nga Arielli!<\/p>\n<p>Me filter HEPA dhe depozit\u00eb qese<\/p>\n<p><strong><em>Specifikat teknike:<\/em><\/strong><\/p>\n<p>Fuqia: 800W<\/p>\n<p>Kapaciteti i kontenitorit: 4L<\/p>\n<p>Depozita: Me qese<\/p>\n<p>Rrezja e veprimit: 4.5 m<\/p>\n<p>Me Filter: HEPA<\/p>\n<p>Lloji i tubit: Teleskopik<\/p>\n<p>Tipi i pastrimit: N\u00eb t\u00eb that\u00eb<\/p>\n<p>Garancia: 12 muaj<\/p>\n","protected":false},"featured_media":2743,"template":"","meta":[],"product_brand":[],"product_cat":[31,163,164],"product_tag":[],"class_list":{"0":"post-2736","1":"product","2":"type-product","3":"status-publish","4":"has-post-thumbnail","6":"product_cat-elektroshtepiake-te-vogla","7":"product_cat-fshese-me-korent","8":"product_cat-me-qese-2","9":"description-off","11":"first","12":"instock","13":"shipping-taxable","14":"product-type-simple"},"_links":{"self":[{"href":"https:\/\/jb-electronics.al\/index.php\/wp-json\/wp\/v2\/product\/2736","targetHints":{"allow":["GET"]}}],"collection":[{"href":"https:\/\/jb-electronics.al\/index.php\/wp-json\/wp\/v2\/product"}],"about":[{"href":"https:\/\/jb-electronics.al\/index.php\/wp-json\/wp\/v2\/types\/product"}],"wp:featuredmedia":[{"embeddable":true,"href":"https:\/\/jb-electronics.al\/index.php\/wp-json\/wp\/v2\/media\/2743"}],"wp:attachment":[{"href":"https:\/\/jb-electronics.al\/index.php\/wp-json\/wp\/v2\/media?parent=2736"}],"wp:term":[{"taxonomy":"product_brand","embeddable":true,"href":"https:\/\/jb-electronics.al\/index.php\/wp-json\/wp\/v2\/product_brand?post=2736"},{"taxonomy":"product_cat","embeddable":true,"href":"https:\/\/jb-electronics.al\/index.php\/wp-json\/wp\/v2\/product_cat?post=2736"},{"taxonomy":"product_tag","embeddable":true,"href":"https:\/\/jb-electronics.al\/index.php\/wp-json\/wp\/v2\/product_tag?post=2736"}],"curies":[{"name":"wp","href":"https:\/\/api.w.org\/{rel}","templated":true}]}}