{"id":2704,"date":"2022-05-10T13:36:56","date_gmt":"2022-05-10T13:36:56","guid":{"rendered":"https:\/\/jb-electronics.al\/?post_type=product&#038;p=2704"},"modified":"2022-05-10T13:47:56","modified_gmt":"2022-05-10T13:47:56","slug":"ekspres-aeg","status":"publish","type":"product","link":"https:\/\/jb-electronics.al\/index.php\/product\/ekspres-aeg\/","title":{"rendered":"Ekspres AEG"},"content":{"rendered":"","protected":false},"excerpt":{"rendered":"<p><strong>Specifika teknike<\/strong><\/p>\n<p>Marka AEG<\/p>\n<p id=\"tw-target-text\" class=\"tw-data-text tw-text-large tw-ta\" dir=\"ltr\" data-placeholder=\"Translation\"><span class=\"Y2IQFc\" lang=\"sq\">Kapaciteti i rezervuarit t\u00eb ujit 1.8 <\/span><\/p>\n<p class=\"tw-data-text tw-text-large tw-ta\" dir=\"ltr\" data-placeholder=\"Translation\"><span class=\"Y2IQFc\" lang=\"sq\">Kapaciteti i mullirit gr 200 <\/span><\/p>\n<p class=\"tw-data-text tw-text-large tw-ta\" dir=\"ltr\" data-placeholder=\"Translation\"><span class=\"Y2IQFc\" lang=\"sq\">Ngjyr\u00eb \u00c7elik inox me veshje kund\u00ebr gjurm\u00ebve t\u00eb gisht\u00ebrinjve <\/span><\/p>\n<p class=\"tw-data-text tw-text-large tw-ta\" dir=\"ltr\" data-placeholder=\"Translation\"><span class=\"Y2IQFc\" lang=\"sq\">Dimensionet (t\u00eb integruara, mm) 450x560x550 <\/span><\/p>\n<p class=\"tw-data-text tw-text-large tw-ta\" dir=\"ltr\" data-placeholder=\"Translation\"><span class=\"Y2IQFc\" lang=\"sq\">Tensioni 220-240 <\/span><\/p>\n<p class=\"tw-data-text tw-text-large tw-ta\" dir=\"ltr\" data-placeholder=\"Translation\"><span class=\"Y2IQFc\" lang=\"sq\">Siguresa e nevojshme <\/span><\/p>\n<p class=\"tw-data-text tw-text-large tw-ta\" dir=\"ltr\" data-placeholder=\"Translation\"><span class=\"Y2IQFc\" lang=\"sq\">Nr Frekuenca 50\/60<\/span><\/p>\n","protected":false},"featured_media":2705,"template":"","meta":[],"product_brand":[],"product_cat":[101,115,31],"product_tag":[],"class_list":{"0":"post-2704","1":"product","2":"type-product","3":"status-publish","4":"has-post-thumbnail","6":"product_cat-ekspres","7":"product_cat-inkaso-2","8":"product_cat-elektroshtepiake-te-vogla","9":"description-off","11":"first","12":"instock","13":"shipping-taxable","14":"product-type-simple"},"_links":{"self":[{"href":"https:\/\/jb-electronics.al\/index.php\/wp-json\/wp\/v2\/product\/2704","targetHints":{"allow":["GET"]}}],"collection":[{"href":"https:\/\/jb-electronics.al\/index.php\/wp-json\/wp\/v2\/product"}],"about":[{"href":"https:\/\/jb-electronics.al\/index.php\/wp-json\/wp\/v2\/types\/product"}],"wp:featuredmedia":[{"embeddable":true,"href":"https:\/\/jb-electronics.al\/index.php\/wp-json\/wp\/v2\/media\/2705"}],"wp:attachment":[{"href":"https:\/\/jb-electronics.al\/index.php\/wp-json\/wp\/v2\/media?parent=2704"}],"wp:term":[{"taxonomy":"product_brand","embeddable":true,"href":"https:\/\/jb-electronics.al\/index.php\/wp-json\/wp\/v2\/product_brand?post=2704"},{"taxonomy":"product_cat","embeddable":true,"href":"https:\/\/jb-electronics.al\/index.php\/wp-json\/wp\/v2\/product_cat?post=2704"},{"taxonomy":"product_tag","embeddable":true,"href":"https:\/\/jb-electronics.al\/index.php\/wp-json\/wp\/v2\/product_tag?post=2704"}],"curies":[{"name":"wp","href":"https:\/\/api.w.org\/{rel}","templated":true}]}}