{"id":2701,"date":"2022-05-10T10:27:49","date_gmt":"2022-05-10T10:27:49","guid":{"rendered":"https:\/\/jb-electronics.al\/?post_type=product&#038;p=2701"},"modified":"2022-05-10T10:27:50","modified_gmt":"2022-05-10T10:27:50","slug":"tostier-arielli-ast3382wh","status":"publish","type":"product","link":"https:\/\/jb-electronics.al\/index.php\/product\/tostier-arielli-ast3382wh\/","title":{"rendered":"Tostier ARIELLI AST3382WH"},"content":{"rendered":"","protected":false},"excerpt":{"rendered":"<p dir=\"ltr\" data-placeholder=\"Translation\"><strong>Specifikat teknike<\/strong><\/p>\n<p id=\"tw-target-text\" class=\"tw-data-text tw-text-large XcVN5d tw-ta\" dir=\"ltr\" data-placeholder=\"Translation\"><span class=\"Y2IQFc\" lang=\"sq\">Lloji Multigril<\/span><\/p>\n<p class=\"tw-data-text tw-text-large XcVN5d tw-ta\" dir=\"ltr\" data-placeholder=\"Translation\"><span class=\"Y2IQFc\" lang=\"sq\">Lidhjet tkurr\u00ebse t\u00eb pllakave duhet t\u00eb kryq\u00ebzohen n\u00eb vrimat e kolonave<\/span><\/p>\n<p class=\"tw-data-text tw-text-large XcVN5d tw-ta\" dir=\"ltr\" data-placeholder=\"Translation\"><span class=\"Y2IQFc\" lang=\"sq\">Fuqia (W) 700<\/span><\/p>\n<p class=\"tw-data-text tw-text-large XcVN5d tw-ta\" dir=\"ltr\" data-placeholder=\"Translation\"><span class=\"Y2IQFc\" lang=\"sq\">Mark\u00eb ARIELLI<\/span><\/p>\n<p class=\"tw-data-text tw-text-large XcVN5d tw-ta\" dir=\"ltr\" data-placeholder=\"Translation\"><span class=\"Y2IQFc\" lang=\"sq\">Modeli AST-3382 WH<\/span><\/p>\n<p class=\"tw-data-text tw-text-large XcVN5d tw-ta\" dir=\"ltr\" data-placeholder=\"Translation\"><span class=\"Y2IQFc\" lang=\"sq\">Garanci 24-mujore<\/span><\/p>\n<p class=\"tw-data-text tw-text-large XcVN5d tw-ta\" dir=\"ltr\" data-placeholder=\"Translation\"><span class=\"Y2IQFc\" lang=\"sq\">Barkodi 5603058113699<\/span><\/p>\n","protected":false},"featured_media":2702,"template":"","meta":[],"product_brand":[],"product_cat":[31,105],"product_tag":[],"class_list":{"0":"post-2701","1":"product","2":"type-product","3":"status-publish","4":"has-post-thumbnail","6":"product_cat-elektroshtepiake-te-vogla","7":"product_cat-tostier","8":"description-off","10":"first","11":"instock","12":"shipping-taxable","13":"product-type-simple"},"_links":{"self":[{"href":"https:\/\/jb-electronics.al\/index.php\/wp-json\/wp\/v2\/product\/2701","targetHints":{"allow":["GET"]}}],"collection":[{"href":"https:\/\/jb-electronics.al\/index.php\/wp-json\/wp\/v2\/product"}],"about":[{"href":"https:\/\/jb-electronics.al\/index.php\/wp-json\/wp\/v2\/types\/product"}],"wp:featuredmedia":[{"embeddable":true,"href":"https:\/\/jb-electronics.al\/index.php\/wp-json\/wp\/v2\/media\/2702"}],"wp:attachment":[{"href":"https:\/\/jb-electronics.al\/index.php\/wp-json\/wp\/v2\/media?parent=2701"}],"wp:term":[{"taxonomy":"product_brand","embeddable":true,"href":"https:\/\/jb-electronics.al\/index.php\/wp-json\/wp\/v2\/product_brand?post=2701"},{"taxonomy":"product_cat","embeddable":true,"href":"https:\/\/jb-electronics.al\/index.php\/wp-json\/wp\/v2\/product_cat?post=2701"},{"taxonomy":"product_tag","embeddable":true,"href":"https:\/\/jb-electronics.al\/index.php\/wp-json\/wp\/v2\/product_tag?post=2701"}],"curies":[{"name":"wp","href":"https:\/\/api.w.org\/{rel}","templated":true}]}}