{"id":2698,"date":"2022-05-10T10:25:01","date_gmt":"2022-05-10T10:25:01","guid":{"rendered":"https:\/\/jb-electronics.al\/?post_type=product&#038;p=2698"},"modified":"2022-05-10T10:25:02","modified_gmt":"2022-05-10T10:25:02","slug":"tostier-philips-2392","status":"publish","type":"product","link":"https:\/\/jb-electronics.al\/index.php\/product\/tostier-philips-2392\/","title":{"rendered":"Tostier PHILIPS 2392"},"content":{"rendered":"","protected":false},"excerpt":{"rendered":"<p><strong>Specifikat teknike<\/strong><\/p>\n<p id=\"tw-target-text\" class=\"tw-data-text tw-text-large tw-ta\" dir=\"ltr\" data-placeholder=\"Translation\"><span class=\"Y2IQFc\" lang=\"sq\">Dimensioni (P*D*H) mm: 231*218*90 <\/span><\/p>\n<p class=\"tw-data-text tw-text-large tw-ta\" dir=\"ltr\" data-placeholder=\"Translation\"><span class=\"Y2IQFc\" lang=\"sq\">Fuqia: 800 W <\/span><\/p>\n<p class=\"tw-data-text tw-text-large tw-ta\" dir=\"ltr\" data-placeholder=\"Translation\"><span class=\"Y2IQFc\" lang=\"sq\">Forma dhe numri: 2 dolli\/4 <\/span><span class=\"Y2IQFc\" lang=\"sq\">trek\u00ebnd\u00ebsha <\/span><\/p>\n<p class=\"tw-data-text tw-text-large tw-ta\" dir=\"ltr\" data-placeholder=\"Translation\"><span class=\"Y2IQFc\" lang=\"sq\">Furnizimi me energji elektrike: 230 V <\/span><\/p>\n<p class=\"tw-data-text tw-text-large tw-ta\" dir=\"ltr\" data-placeholder=\"Translation\"><span class=\"Y2IQFc\" lang=\"sq\">K\u00ebmb\u00eb q\u00eb nuk rr\u00ebshqasin <\/span><\/p>\n<p class=\"tw-data-text tw-text-large tw-ta\" dir=\"ltr\" data-placeholder=\"Translation\"><span class=\"Y2IQFc\" lang=\"sq\">Dorez\u00eb me prekje t\u00eb ftoht\u00eb<\/span><\/p>\n","protected":false},"featured_media":2700,"template":"","meta":[],"product_brand":[],"product_cat":[31,105],"product_tag":[],"class_list":{"0":"post-2698","1":"product","2":"type-product","3":"status-publish","4":"has-post-thumbnail","6":"product_cat-elektroshtepiake-te-vogla","7":"product_cat-tostier","8":"description-off","10":"first","11":"instock","12":"shipping-taxable","13":"product-type-simple"},"_links":{"self":[{"href":"https:\/\/jb-electronics.al\/index.php\/wp-json\/wp\/v2\/product\/2698","targetHints":{"allow":["GET"]}}],"collection":[{"href":"https:\/\/jb-electronics.al\/index.php\/wp-json\/wp\/v2\/product"}],"about":[{"href":"https:\/\/jb-electronics.al\/index.php\/wp-json\/wp\/v2\/types\/product"}],"wp:featuredmedia":[{"embeddable":true,"href":"https:\/\/jb-electronics.al\/index.php\/wp-json\/wp\/v2\/media\/2700"}],"wp:attachment":[{"href":"https:\/\/jb-electronics.al\/index.php\/wp-json\/wp\/v2\/media?parent=2698"}],"wp:term":[{"taxonomy":"product_brand","embeddable":true,"href":"https:\/\/jb-electronics.al\/index.php\/wp-json\/wp\/v2\/product_brand?post=2698"},{"taxonomy":"product_cat","embeddable":true,"href":"https:\/\/jb-electronics.al\/index.php\/wp-json\/wp\/v2\/product_cat?post=2698"},{"taxonomy":"product_tag","embeddable":true,"href":"https:\/\/jb-electronics.al\/index.php\/wp-json\/wp\/v2\/product_tag?post=2698"}],"curies":[{"name":"wp","href":"https:\/\/api.w.org\/{rel}","templated":true}]}}