{"id":2683,"date":"2022-05-10T09:41:16","date_gmt":"2022-05-10T09:41:16","guid":{"rendered":"https:\/\/jb-electronics.al\/?post_type=product&#038;p=2683"},"modified":"2022-05-10T09:41:16","modified_gmt":"2022-05-10T09:41:16","slug":"tostier-arzum-ar2037","status":"publish","type":"product","link":"https:\/\/jb-electronics.al\/index.php\/product\/tostier-arzum-ar2037\/","title":{"rendered":"Tostier ARZUM AR2037"},"content":{"rendered":"","protected":false},"excerpt":{"rendered":"<p><strong>Specifikat teknike<\/strong><\/p>\n<p>Fuqia: 1800W<\/p>\n<p>Nivelet e nxeht\u00ebsis\u00eb: 3<\/p>\n<p>Lloji i pllak\u00ebs: Jo ngjit\u00ebse<\/p>\n<p>Aksesor\u00eb: Pjes\u00eb t\u00eb Cmontueshme<\/p>\n","protected":false},"featured_media":2684,"template":"","meta":[],"product_brand":[],"product_cat":[31,105],"product_tag":[],"class_list":{"0":"post-2683","1":"product","2":"type-product","3":"status-publish","4":"has-post-thumbnail","6":"product_cat-elektroshtepiake-te-vogla","7":"product_cat-tostier","8":"description-off","10":"first","11":"instock","12":"shipping-taxable","13":"product-type-simple"},"_links":{"self":[{"href":"https:\/\/jb-electronics.al\/index.php\/wp-json\/wp\/v2\/product\/2683","targetHints":{"allow":["GET"]}}],"collection":[{"href":"https:\/\/jb-electronics.al\/index.php\/wp-json\/wp\/v2\/product"}],"about":[{"href":"https:\/\/jb-electronics.al\/index.php\/wp-json\/wp\/v2\/types\/product"}],"wp:featuredmedia":[{"embeddable":true,"href":"https:\/\/jb-electronics.al\/index.php\/wp-json\/wp\/v2\/media\/2684"}],"wp:attachment":[{"href":"https:\/\/jb-electronics.al\/index.php\/wp-json\/wp\/v2\/media?parent=2683"}],"wp:term":[{"taxonomy":"product_brand","embeddable":true,"href":"https:\/\/jb-electronics.al\/index.php\/wp-json\/wp\/v2\/product_brand?post=2683"},{"taxonomy":"product_cat","embeddable":true,"href":"https:\/\/jb-electronics.al\/index.php\/wp-json\/wp\/v2\/product_cat?post=2683"},{"taxonomy":"product_tag","embeddable":true,"href":"https:\/\/jb-electronics.al\/index.php\/wp-json\/wp\/v2\/product_tag?post=2683"}],"curies":[{"name":"wp","href":"https:\/\/api.w.org\/{rel}","templated":true}]}}