{"id":2651,"date":"2022-05-10T08:12:29","date_gmt":"2022-05-10T08:12:29","guid":{"rendered":"https:\/\/jb-electronics.al\/?post_type=product&#038;p=2651"},"modified":"2022-09-01T09:24:11","modified_gmt":"2022-09-01T09:24:11","slug":"thekese-buke-arielli-at270tos20jb30p","status":"publish","type":"product","link":"https:\/\/jb-electronics.al\/index.php\/product\/thekese-buke-arielli-at270tos20jb30p\/","title":{"rendered":"Thek\u00ebse buke Arielli AT270TOS20JB30P"},"content":{"rendered":"","protected":false},"excerpt":{"rendered":"<p>Specifikime teknike:<\/p>\n<p>\ud83d\udd3bNumri i niveleve: 7<\/p>\n<p>\ud83d\udd3bFuqia: 700W<br \/>\n\ud83d\udd3bNgarkesa elektrike: 700 W<br \/>\n\ud83d\udd3bK\u00ebmb\u00ebt kund\u00ebr rr\u00ebshqitjes<\/p>\n<p>&nbsp;<\/p>\n","protected":false},"featured_media":2652,"template":"","meta":[],"product_brand":[],"product_cat":[31,106],"product_tag":[],"class_list":{"0":"post-2651","1":"product","2":"type-product","3":"status-publish","4":"has-post-thumbnail","6":"product_cat-elektroshtepiake-te-vogla","7":"product_cat-thekese-buke","8":"description-off","10":"first","11":"instock","12":"shipping-taxable","13":"product-type-simple"},"_links":{"self":[{"href":"https:\/\/jb-electronics.al\/index.php\/wp-json\/wp\/v2\/product\/2651","targetHints":{"allow":["GET"]}}],"collection":[{"href":"https:\/\/jb-electronics.al\/index.php\/wp-json\/wp\/v2\/product"}],"about":[{"href":"https:\/\/jb-electronics.al\/index.php\/wp-json\/wp\/v2\/types\/product"}],"wp:featuredmedia":[{"embeddable":true,"href":"https:\/\/jb-electronics.al\/index.php\/wp-json\/wp\/v2\/media\/2652"}],"wp:attachment":[{"href":"https:\/\/jb-electronics.al\/index.php\/wp-json\/wp\/v2\/media?parent=2651"}],"wp:term":[{"taxonomy":"product_brand","embeddable":true,"href":"https:\/\/jb-electronics.al\/index.php\/wp-json\/wp\/v2\/product_brand?post=2651"},{"taxonomy":"product_cat","embeddable":true,"href":"https:\/\/jb-electronics.al\/index.php\/wp-json\/wp\/v2\/product_cat?post=2651"},{"taxonomy":"product_tag","embeddable":true,"href":"https:\/\/jb-electronics.al\/index.php\/wp-json\/wp\/v2\/product_tag?post=2651"}],"curies":[{"name":"wp","href":"https:\/\/api.w.org\/{rel}","templated":true}]}}