{"id":2561,"date":"2022-05-03T09:58:58","date_gmt":"2022-05-03T09:58:58","guid":{"rendered":"https:\/\/jb-electronics.al\/?post_type=product&#038;p=2561"},"modified":"2022-10-06T13:59:03","modified_gmt":"2022-10-06T13:59:03","slug":"lavastovilje-ecolox-emo12fullv","status":"publish","type":"product","link":"https:\/\/jb-electronics.al\/index.php\/product\/lavastovilje-ecolox-emo12fullv\/","title":{"rendered":"Lavastovilje ECOLUX EMO12FULLV"},"content":{"rendered":"","protected":false},"excerpt":{"rendered":"<p><strong>Specifika teknike<\/strong><\/p>\n<div class=\"row no-gutters\">\n<div class=\"col-2\">\n<div class=\"product-description-label mt-2 \">Marka: Ecolux<\/div>\n<\/div>\n<\/div>\n<div class=\"row no-gutters\">\n<div class=\"col-2\">\n<div class=\"product-description-label mt-2 \">Produkti: Lavastovilje 60 cm<\/div>\n<div>Kapaciteti: 12 sete<\/div>\n<\/div>\n<\/div>\n<div class=\"row no-gutters\">\n<div class=\"col-2\">\n<div>Niveli i zhurm\u00ebs: 52 dB<\/div>\n<\/div>\n<div class=\"col-10\">\n<p>Klasi i energjis\u00eb: A++<\/p>\n<p>Numri i programeve: 10<\/p>\n<p>Program p\u00ebr nisje t\u00eb m\u00ebvonshme: Po<\/p>\n<p>Ngjyra: E Bardh\u00eb<\/p>\n<p>P\u00ebrmasat: 81.5 x 60 x 55 cm<\/p>\n<p>&nbsp;<\/p>\n<p>&nbsp;<\/p>\n<\/div>\n<\/div>\n<div class=\"row no-gutters\">\n<div class=\"col-10\">\n<p>&nbsp;<\/p>\n<\/div>\n<\/div>\n","protected":false},"featured_media":2581,"template":"","meta":[],"product_brand":[],"product_cat":[158,19,41,157],"product_tag":[],"class_list":{"0":"post-2561","1":"product","2":"type-product","3":"status-publish","4":"has-post-thumbnail","6":"product_cat-60-cm","7":"product_cat-lavastovilje","8":"product_cat-lavastovilje-inkaso","9":"product_cat-lavastovilje-inkaso-2","10":"description-off","12":"first","13":"instock","14":"shipping-taxable","15":"product-type-simple"},"_links":{"self":[{"href":"https:\/\/jb-electronics.al\/index.php\/wp-json\/wp\/v2\/product\/2561","targetHints":{"allow":["GET"]}}],"collection":[{"href":"https:\/\/jb-electronics.al\/index.php\/wp-json\/wp\/v2\/product"}],"about":[{"href":"https:\/\/jb-electronics.al\/index.php\/wp-json\/wp\/v2\/types\/product"}],"wp:featuredmedia":[{"embeddable":true,"href":"https:\/\/jb-electronics.al\/index.php\/wp-json\/wp\/v2\/media\/2581"}],"wp:attachment":[{"href":"https:\/\/jb-electronics.al\/index.php\/wp-json\/wp\/v2\/media?parent=2561"}],"wp:term":[{"taxonomy":"product_brand","embeddable":true,"href":"https:\/\/jb-electronics.al\/index.php\/wp-json\/wp\/v2\/product_brand?post=2561"},{"taxonomy":"product_cat","embeddable":true,"href":"https:\/\/jb-electronics.al\/index.php\/wp-json\/wp\/v2\/product_cat?post=2561"},{"taxonomy":"product_tag","embeddable":true,"href":"https:\/\/jb-electronics.al\/index.php\/wp-json\/wp\/v2\/product_tag?post=2561"}],"curies":[{"name":"wp","href":"https:\/\/api.w.org\/{rel}","templated":true}]}}