{"id":2545,"date":"2022-05-03T09:01:03","date_gmt":"2022-05-03T09:01:03","guid":{"rendered":"https:\/\/jb-electronics.al\/?post_type=product&#038;p=2545"},"modified":"2022-10-06T14:23:02","modified_gmt":"2022-10-06T14:23:02","slug":"lavastovilje-indesit-dsie-2b10","status":"publish","type":"product","link":"https:\/\/jb-electronics.al\/index.php\/product\/lavastovilje-indesit-dsie-2b10\/","title":{"rendered":"Lavastovilje INDESIT DSIE2B10"},"content":{"rendered":"","protected":false},"excerpt":{"rendered":"<p><strong>Specifikat teknike<\/strong><\/p>\n<p id=\"tw-target-text\" class=\"tw-data-text tw-text-large tw-ta\" dir=\"ltr\" data-placeholder=\"Translation\"><span class=\"Y2IQFc\" lang=\"sq\">Marka: INDESIT<\/span><\/p>\n<p class=\"tw-data-text tw-text-large tw-ta\" dir=\"ltr\" data-placeholder=\"Translation\"><span class=\"Y2IQFc\" lang=\"sq\">Klasa e energjis\u00eb: A + <\/span><\/p>\n<p class=\"tw-data-text tw-text-large tw-ta\" dir=\"ltr\" data-placeholder=\"Translation\"><span class=\"Y2IQFc\" lang=\"sq\">Konsumi i energjis\u00eb: 238 kWh n\u00eb vi<\/span><\/p>\n<p class=\"tw-data-text tw-text-large tw-ta\" dir=\"ltr\" data-placeholder=\"Translation\"><span class=\"Y2IQFc\" lang=\"sq\"> Konsumi i ujit: 3220 litra<\/span><\/p>\n<p class=\"tw-data-text tw-text-large tw-ta\" dir=\"ltr\" data-placeholder=\"Translation\"><span class=\"Y2IQFc\" lang=\"sq\"> Klasa e efikasitetit t\u00eb tharjes A n\u00eb nj\u00eb shkall\u00eb nga G (m\u00eb pak efikase) n\u00eb A (m\u00eb efikase). <\/span><\/p>\n<p class=\"tw-data-text tw-text-large tw-ta\" dir=\"ltr\" data-placeholder=\"Translation\"><span class=\"Y2IQFc\" lang=\"sq\">Programi: \u201cEco 50 \u00b0\u201d <\/span><\/p>\n<p class=\"tw-data-text tw-text-large tw-ta\" dir=\"ltr\" data-placeholder=\"Translation\"><span class=\"Y2IQFc\" lang=\"sq\">Niveli i zhurm\u00ebs: 51 dB<\/span><\/p>\n<p class=\"tw-data-text tw-text-large tw-ta\" dir=\"ltr\" data-placeholder=\"Translation\"><span class=\"Y2IQFc\" lang=\"sq\"> Lloji i instalimit: Totalisht i integruar<\/span><\/p>\n<p dir=\"ltr\" data-placeholder=\"Translation\">Performanca e larjes: A<\/p>\n<p dir=\"ltr\" data-placeholder=\"Translation\">Performanca e tharjes: A<\/p>\n<p dir=\"ltr\" data-placeholder=\"Translation\">P<span class=\"Y2IQFc\" lang=\"sq\">\u00eb<\/span>rmasat (cm) 44.8 x 55.5 x 82.0 cm<\/p>\n","protected":false},"featured_media":2546,"template":"","meta":[],"product_brand":[],"product_cat":[159,19,41,157],"product_tag":[],"class_list":{"0":"post-2545","1":"product","2":"type-product","3":"status-publish","4":"has-post-thumbnail","6":"product_cat-45-cm","7":"product_cat-lavastovilje","8":"product_cat-lavastovilje-inkaso","9":"product_cat-lavastovilje-inkaso-2","10":"description-off","12":"first","13":"instock","14":"shipping-taxable","15":"product-type-simple"},"_links":{"self":[{"href":"https:\/\/jb-electronics.al\/index.php\/wp-json\/wp\/v2\/product\/2545","targetHints":{"allow":["GET"]}}],"collection":[{"href":"https:\/\/jb-electronics.al\/index.php\/wp-json\/wp\/v2\/product"}],"about":[{"href":"https:\/\/jb-electronics.al\/index.php\/wp-json\/wp\/v2\/types\/product"}],"wp:featuredmedia":[{"embeddable":true,"href":"https:\/\/jb-electronics.al\/index.php\/wp-json\/wp\/v2\/media\/2546"}],"wp:attachment":[{"href":"https:\/\/jb-electronics.al\/index.php\/wp-json\/wp\/v2\/media?parent=2545"}],"wp:term":[{"taxonomy":"product_brand","embeddable":true,"href":"https:\/\/jb-electronics.al\/index.php\/wp-json\/wp\/v2\/product_brand?post=2545"},{"taxonomy":"product_cat","embeddable":true,"href":"https:\/\/jb-electronics.al\/index.php\/wp-json\/wp\/v2\/product_cat?post=2545"},{"taxonomy":"product_tag","embeddable":true,"href":"https:\/\/jb-electronics.al\/index.php\/wp-json\/wp\/v2\/product_tag?post=2545"}],"curies":[{"name":"wp","href":"https:\/\/api.w.org\/{rel}","templated":true}]}}