{"id":2328,"date":"2022-04-18T11:02:21","date_gmt":"2022-04-18T11:02:21","guid":{"rendered":"https:\/\/jb-electronics.al\/?post_type=product&#038;p=2328"},"modified":"2022-08-12T08:10:49","modified_gmt":"2022-08-12T08:10:49","slug":"ftohes-uji-ecolux-wd-200","status":"publish","type":"product","link":"https:\/\/jb-electronics.al\/index.php\/product\/ftohes-uji-ecolux-wd-200\/","title":{"rendered":"Ftoh\u00ebs Uji Ecolux WD200W"},"content":{"rendered":"","protected":false},"excerpt":{"rendered":"<p><strong>Specifikime Teknike<\/strong><\/p>\n<ul>\n<li>Marka: Ecolux<\/li>\n<li>Lloji: Ngroh\u00ebs dhe Ftoh\u00ebs<\/li>\n<li>Temperatura e ujit t\u00eb ftoht\u00eb 2\u00b0C deri 10\u00b0C<\/li>\n<li>Temperatura e ujit t\u00eb nxeht\u00eb 85\u00b0C deri 95\u00b0C<\/li>\n<li>Fuqia Ngroh\u00ebse: 500W<\/li>\n<li>Burimi i fuqis\u00eb s\u00eb rrym\u00ebs: 220V, 50Hz<\/li>\n<li>Kapaciteti i Ujit t\u00eb vluar min: 0.50 Litra<\/li>\n<li>Kapaciteti i Ujit t\u00eb ftoht\u00eb min: 0.50 Litra<\/li>\n<li>Materiali: Plastik\u00eb<\/li>\n<\/ul>\n","protected":false},"featured_media":2329,"template":"","meta":[],"product_brand":[],"product_cat":[60,66,137],"product_tag":[],"class_list":{"0":"post-2328","1":"product","2":"type-product","3":"status-publish","4":"has-post-thumbnail","6":"product_cat-frigorifere","7":"product_cat-ftohes-uji","8":"product_cat-ftohes-uji-2","9":"description-off","11":"first","12":"instock","13":"shipping-taxable","14":"product-type-simple"},"_links":{"self":[{"href":"https:\/\/jb-electronics.al\/index.php\/wp-json\/wp\/v2\/product\/2328","targetHints":{"allow":["GET"]}}],"collection":[{"href":"https:\/\/jb-electronics.al\/index.php\/wp-json\/wp\/v2\/product"}],"about":[{"href":"https:\/\/jb-electronics.al\/index.php\/wp-json\/wp\/v2\/types\/product"}],"wp:featuredmedia":[{"embeddable":true,"href":"https:\/\/jb-electronics.al\/index.php\/wp-json\/wp\/v2\/media\/2329"}],"wp:attachment":[{"href":"https:\/\/jb-electronics.al\/index.php\/wp-json\/wp\/v2\/media?parent=2328"}],"wp:term":[{"taxonomy":"product_brand","embeddable":true,"href":"https:\/\/jb-electronics.al\/index.php\/wp-json\/wp\/v2\/product_brand?post=2328"},{"taxonomy":"product_cat","embeddable":true,"href":"https:\/\/jb-electronics.al\/index.php\/wp-json\/wp\/v2\/product_cat?post=2328"},{"taxonomy":"product_tag","embeddable":true,"href":"https:\/\/jb-electronics.al\/index.php\/wp-json\/wp\/v2\/product_tag?post=2328"}],"curies":[{"name":"wp","href":"https:\/\/api.w.org\/{rel}","templated":true}]}}