{"id":2277,"date":"2022-04-05T13:35:25","date_gmt":"2022-04-05T13:35:25","guid":{"rendered":"https:\/\/jb-electronics.al\/?post_type=product&#038;p=2277"},"modified":"2022-09-01T10:23:46","modified_gmt":"2022-09-01T10:23:46","slug":"frigorifer-whirlpool-wt70i831x","status":"publish","type":"product","link":"https:\/\/jb-electronics.al\/index.php\/product\/frigorifer-whirlpool-wt70i831x\/","title":{"rendered":"Frigorifer WHIRLPOOL WT70I831X"},"content":{"rendered":"","protected":false},"excerpt":{"rendered":"<p><strong>Specifika teknike<\/strong><\/p>\n<p id=\"tw-target-text\" class=\"tw-data-text tw-text-large tw-ta\" dir=\"ltr\" data-placeholder=\"Translation\">Marka: Whirlpool<\/p>\n<p class=\"tw-data-text tw-text-large tw-ta\" dir=\"ltr\" data-placeholder=\"Translation\"><span class=\"Y2IQFc\" lang=\"sq\">Nuk ka acar <\/span><\/p>\n<p class=\"tw-data-text tw-text-large tw-ta\" dir=\"ltr\" data-placeholder=\"Translation\"><span class=\"Y2IQFc\" lang=\"sq\">Klasa e energjis\u00eb: F <\/span><\/p>\n<p class=\"tw-data-text tw-text-large tw-ta\" dir=\"ltr\" data-placeholder=\"Translation\"><span class=\"Y2IQFc\" lang=\"sq\">Kapaciteti i mir\u00ebmbajtjes: 317 lt <\/span><\/p>\n<p class=\"tw-data-text tw-text-large tw-ta\" dir=\"ltr\" data-placeholder=\"Translation\"><span class=\"Y2IQFc\" lang=\"sq\">Kapaciteti i ngrir\u00ebsit: 106 lt<\/span><\/p>\n<p id=\"tw-target-text\" class=\"tw-data-text tw-text-large tw-ta\" dir=\"ltr\" data-placeholder=\"Translation\"><span class=\"Y2IQFc\" lang=\"sq\">Frigoriferi me dy dyer Whirlpool me kapacitet 423 litra, i cili mund t\u00eb plot\u00ebsoj\u00eb me leht\u00ebsi nevojat e nj\u00eb familjeje kat\u00ebr an\u00ebtar\u00ebshe. Me teknologjin\u00eb e tij pa ngrirje, ai nuk grumbullon akull n\u00eb muret e frigoriferit, k\u00ebshtu q\u00eb nuk keni nevoj\u00eb t\u00eb shkrini m\u00eb shum\u00eb se nj\u00eb her\u00eb n\u00eb vit.<\/span><\/p>\n<p dir=\"ltr\" data-placeholder=\"Translation\"><span class=\"Y2IQFc\" lang=\"sq\">P\u00ebrmasat: 180 cm x <\/span><span class=\"Y2IQFc\" lang=\"sq\">70 cm x <\/span><span class=\"Y2IQFc\" lang=\"sq\">72.5 cm<\/span><\/p>\n","protected":false},"featured_media":3300,"template":"","meta":[],"product_brand":[],"product_cat":[60,61],"product_tag":[],"class_list":{"0":"post-2277","1":"product","2":"type-product","3":"status-publish","4":"has-post-thumbnail","6":"product_cat-frigorifere","7":"product_cat-qendrim-i-lire","8":"description-off","10":"first","11":"instock","12":"shipping-taxable","13":"product-type-simple"},"_links":{"self":[{"href":"https:\/\/jb-electronics.al\/index.php\/wp-json\/wp\/v2\/product\/2277","targetHints":{"allow":["GET"]}}],"collection":[{"href":"https:\/\/jb-electronics.al\/index.php\/wp-json\/wp\/v2\/product"}],"about":[{"href":"https:\/\/jb-electronics.al\/index.php\/wp-json\/wp\/v2\/types\/product"}],"wp:featuredmedia":[{"embeddable":true,"href":"https:\/\/jb-electronics.al\/index.php\/wp-json\/wp\/v2\/media\/3300"}],"wp:attachment":[{"href":"https:\/\/jb-electronics.al\/index.php\/wp-json\/wp\/v2\/media?parent=2277"}],"wp:term":[{"taxonomy":"product_brand","embeddable":true,"href":"https:\/\/jb-electronics.al\/index.php\/wp-json\/wp\/v2\/product_brand?post=2277"},{"taxonomy":"product_cat","embeddable":true,"href":"https:\/\/jb-electronics.al\/index.php\/wp-json\/wp\/v2\/product_cat?post=2277"},{"taxonomy":"product_tag","embeddable":true,"href":"https:\/\/jb-electronics.al\/index.php\/wp-json\/wp\/v2\/product_tag?post=2277"}],"curies":[{"name":"wp","href":"https:\/\/api.w.org\/{rel}","templated":true}]}}