{"id":2275,"date":"2022-04-05T13:23:44","date_gmt":"2022-04-05T13:23:44","guid":{"rendered":"https:\/\/jb-electronics.al\/?post_type=product&#038;p=2275"},"modified":"2022-09-01T10:24:01","modified_gmt":"2022-09-01T10:24:01","slug":"frigorifer-montues-ffv-177-vw-ecolux","status":"publish","type":"product","link":"https:\/\/jb-electronics.al\/index.php\/product\/frigorifer-montues-ffv-177-vw-ecolux\/","title":{"rendered":"Frigorifer ECOLUX FFV 177 VW"},"content":{"rendered":"","protected":false},"excerpt":{"rendered":"<p><strong>Specifika teknike<\/strong><\/p>\n<ul>\n<li>Energjia: A+<\/li>\n<li>Kontrollues i lag\u00ebshtis\u00eb<\/li>\n<li>Kapaciteti Frigorifer: 180 LT<\/li>\n<li>Kapaciteti Friz: 63 LT<\/li>\n<li>Niveli i zhurm\u00ebs: 41dB<\/li>\n<li>Rafte: 3<\/li>\n<li>K\u00ebmbe me nivele<\/li>\n<li>Vendin p\u00ebr shishe<\/li>\n<li>Zon\u00eb t\u00eb fresk\u00ebt<\/li>\n<li>Vendin p\u00ebr ngrierje<\/li>\n<li>Dimenzionet: 177\/54\/54.5 CM<\/li>\n<li>Drit\u00eb LED<\/li>\n<\/ul>\n","protected":false},"featured_media":3527,"template":"","meta":[],"product_brand":[],"product_cat":[39,60,38,54],"product_tag":[],"class_list":{"0":"post-2275","1":"product","2":"type-product","3":"status-publish","4":"has-post-thumbnail","6":"product_cat-frigorifer","7":"product_cat-frigorifere","8":"product_cat-inkaso","9":"product_cat-te-kombinuar","10":"description-off","12":"first","13":"instock","14":"shipping-taxable","15":"product-type-simple"},"_links":{"self":[{"href":"https:\/\/jb-electronics.al\/index.php\/wp-json\/wp\/v2\/product\/2275","targetHints":{"allow":["GET"]}}],"collection":[{"href":"https:\/\/jb-electronics.al\/index.php\/wp-json\/wp\/v2\/product"}],"about":[{"href":"https:\/\/jb-electronics.al\/index.php\/wp-json\/wp\/v2\/types\/product"}],"wp:featuredmedia":[{"embeddable":true,"href":"https:\/\/jb-electronics.al\/index.php\/wp-json\/wp\/v2\/media\/3527"}],"wp:attachment":[{"href":"https:\/\/jb-electronics.al\/index.php\/wp-json\/wp\/v2\/media?parent=2275"}],"wp:term":[{"taxonomy":"product_brand","embeddable":true,"href":"https:\/\/jb-electronics.al\/index.php\/wp-json\/wp\/v2\/product_brand?post=2275"},{"taxonomy":"product_cat","embeddable":true,"href":"https:\/\/jb-electronics.al\/index.php\/wp-json\/wp\/v2\/product_cat?post=2275"},{"taxonomy":"product_tag","embeddable":true,"href":"https:\/\/jb-electronics.al\/index.php\/wp-json\/wp\/v2\/product_tag?post=2275"}],"curies":[{"name":"wp","href":"https:\/\/api.w.org\/{rel}","templated":true}]}}