{"id":2225,"date":"2022-03-23T13:38:33","date_gmt":"2022-03-23T13:38:33","guid":{"rendered":"https:\/\/jb-electronics.al\/?post_type=product&#038;p=2225"},"modified":"2022-09-01T10:56:47","modified_gmt":"2022-09-01T10:56:47","slug":"frigorifer-ecolux-319ff","status":"publish","type":"product","link":"https:\/\/jb-electronics.al\/index.php\/product\/frigorifer-ecolux-319ff\/","title":{"rendered":"Frigorifer ECOLUX  319FF"},"content":{"rendered":"","protected":false},"excerpt":{"rendered":"<p><b>Specifika teknike<\/b><\/p>\n<p>Marka: Ecolux<\/p>\n<div class=\"product-short-description\">\n<p>Energjia: A+<\/p>\n<p>Dimensionet e produktit (HxWxD cm): 177\/55\/75<\/p>\n<p>Neto Kapaciteti: 286 lt<\/p>\n<p>Frigorifer \/ Friz Neto Kapaciteti:\u00a0202\u00a0lt \/ 84 Friz<\/p>\n<p>Niveli i zhurm\u00ebs: 42dB<\/p>\n<p>Zon\u00eb t\u00eb fresk\u00ebt<\/p>\n<p>K\u00ebmb\u00eb me Nivele<\/p>\n<p>Vendi p\u00ebr vez\u00eb<\/p>\n<p>Vendin p\u00ebr shishe<\/p>\n<p>Vendin p\u00ebr akull<\/p>\n<p>Drit\u00eb LED<\/p>\n<p>Dyer t\u00eb Kthyeshme<\/p>\n<p>Raftet me material t\u00eb xhamit<\/p>\n<p>Kursim t\u00eb energjis\u00eb<\/p>\n<\/div>\n","protected":false},"featured_media":2226,"template":"","meta":[],"product_brand":[],"product_cat":[60,61],"product_tag":[],"class_list":{"0":"post-2225","1":"product","2":"type-product","3":"status-publish","4":"has-post-thumbnail","6":"product_cat-frigorifere","7":"product_cat-qendrim-i-lire","8":"description-off","10":"first","11":"instock","12":"shipping-taxable","13":"product-type-simple"},"_links":{"self":[{"href":"https:\/\/jb-electronics.al\/index.php\/wp-json\/wp\/v2\/product\/2225","targetHints":{"allow":["GET"]}}],"collection":[{"href":"https:\/\/jb-electronics.al\/index.php\/wp-json\/wp\/v2\/product"}],"about":[{"href":"https:\/\/jb-electronics.al\/index.php\/wp-json\/wp\/v2\/types\/product"}],"wp:featuredmedia":[{"embeddable":true,"href":"https:\/\/jb-electronics.al\/index.php\/wp-json\/wp\/v2\/media\/2226"}],"wp:attachment":[{"href":"https:\/\/jb-electronics.al\/index.php\/wp-json\/wp\/v2\/media?parent=2225"}],"wp:term":[{"taxonomy":"product_brand","embeddable":true,"href":"https:\/\/jb-electronics.al\/index.php\/wp-json\/wp\/v2\/product_brand?post=2225"},{"taxonomy":"product_cat","embeddable":true,"href":"https:\/\/jb-electronics.al\/index.php\/wp-json\/wp\/v2\/product_cat?post=2225"},{"taxonomy":"product_tag","embeddable":true,"href":"https:\/\/jb-electronics.al\/index.php\/wp-json\/wp\/v2\/product_tag?post=2225"}],"curies":[{"name":"wp","href":"https:\/\/api.w.org\/{rel}","templated":true}]}}