{"id":2223,"date":"2022-03-23T12:16:08","date_gmt":"2022-03-23T12:16:08","guid":{"rendered":"https:\/\/jb-electronics.al\/?post_type=product&#038;p=2223"},"modified":"2022-09-01T10:58:45","modified_gmt":"2022-09-01T10:58:45","slug":"frigorifer-ecolux-eco-379ff","status":"publish","type":"product","link":"https:\/\/jb-electronics.al\/index.php\/product\/frigorifer-ecolux-eco-379ff\/","title":{"rendered":"Frigorifer Ecolux \u2013 ECO 379FF"},"content":{"rendered":"","protected":false},"excerpt":{"rendered":"<p><b>Specifika teknike<\/b><\/p>\n<p>Marka: Ecolux<\/p>\n<div id=\"col-1688409030\" class=\"col medium-6 small-12 large-3\">\n<div class=\"col-inner text-left\">\n<div class=\"product-short-description\">\n<p>Frigorifer \/ Friz Neto Kapaciteti 230 lt \/ 106 lt<\/p>\n<p>Niveli i zhurm\u00ebs: 41dB<\/p>\n<p>Water Dispenser<\/p>\n<p>Zon\u00eb t\u00eb fresk\u00ebt<\/p>\n<p>K\u00ebmb\u00eb me Nivele<\/p>\n<p>Vendi p\u00ebr Vez\u00eb<\/p>\n<p>Vendin p\u00ebr shishe<\/p>\n<p>Vendin p\u00ebr akull<\/p>\n<p>Dyer t\u00eb Kthyeshme<\/p>\n<p>Kursim t\u00eb energjis\u00eb<\/p>\n<p>Raftet me material t\u00eb xhamit<\/p>\n<p>Energjia: A+<\/p>\n<p>Dimensionet e produktit (HxWxD cm): 185\/60\/65<\/p>\n<\/div>\n<\/div>\n<\/div>\n","protected":false},"featured_media":2224,"template":"","meta":[],"product_brand":[],"product_cat":[60,61],"product_tag":[],"class_list":{"0":"post-2223","1":"product","2":"type-product","3":"status-publish","4":"has-post-thumbnail","6":"product_cat-frigorifere","7":"product_cat-qendrim-i-lire","8":"description-off","10":"first","11":"instock","12":"shipping-taxable","13":"product-type-simple"},"_links":{"self":[{"href":"https:\/\/jb-electronics.al\/index.php\/wp-json\/wp\/v2\/product\/2223","targetHints":{"allow":["GET"]}}],"collection":[{"href":"https:\/\/jb-electronics.al\/index.php\/wp-json\/wp\/v2\/product"}],"about":[{"href":"https:\/\/jb-electronics.al\/index.php\/wp-json\/wp\/v2\/types\/product"}],"wp:featuredmedia":[{"embeddable":true,"href":"https:\/\/jb-electronics.al\/index.php\/wp-json\/wp\/v2\/media\/2224"}],"wp:attachment":[{"href":"https:\/\/jb-electronics.al\/index.php\/wp-json\/wp\/v2\/media?parent=2223"}],"wp:term":[{"taxonomy":"product_brand","embeddable":true,"href":"https:\/\/jb-electronics.al\/index.php\/wp-json\/wp\/v2\/product_brand?post=2223"},{"taxonomy":"product_cat","embeddable":true,"href":"https:\/\/jb-electronics.al\/index.php\/wp-json\/wp\/v2\/product_cat?post=2223"},{"taxonomy":"product_tag","embeddable":true,"href":"https:\/\/jb-electronics.al\/index.php\/wp-json\/wp\/v2\/product_tag?post=2223"}],"curies":[{"name":"wp","href":"https:\/\/api.w.org\/{rel}","templated":true}]}}