{"id":2213,"date":"2022-03-19T08:47:25","date_gmt":"2022-03-19T08:47:25","guid":{"rendered":"https:\/\/jb-electronics.al\/?post_type=product&#038;p=2213"},"modified":"2022-09-01T11:07:00","modified_gmt":"2022-09-01T11:07:00","slug":"frigorifer-whirlpool-8121-bsnf","status":"publish","type":"product","link":"https:\/\/jb-electronics.al\/index.php\/product\/frigorifer-whirlpool-8121-bsnf\/","title":{"rendered":"Frigorifer Whirlpool 8121 BSNF"},"content":{"rendered":"","protected":false},"excerpt":{"rendered":"<p><strong>Specifika\u00a0 teknike<\/strong><\/p>\n<p id=\"tw-target-text\" class=\"tw-data-text tw-text-large tw-ta\" dir=\"ltr\" data-placeholder=\"Translation\"><span class=\"Y2IQFc\" lang=\"sq\">Marka: Whirlpool <\/span><\/p>\n<p class=\"tw-data-text tw-text-large tw-ta\" dir=\"ltr\" data-placeholder=\"Translation\"><span class=\"Y2IQFc\" lang=\"sq\">Modeli BSNF 8121 OX <\/span><\/p>\n<p class=\"tw-data-text tw-text-large tw-ta\" dir=\"ltr\" data-placeholder=\"Translation\"><span class=\"Y2IQFc\" lang=\"sq\">Ngjyra e produktit \u00c7elik inox <\/span><\/p>\n<p class=\"tw-data-text tw-text-large tw-ta\" dir=\"ltr\" data-placeholder=\"Translation\"><span class=\"Y2IQFc\" lang=\"sq\">Kapaciteti total neto 319 L <\/span><\/p>\n<p class=\"tw-data-text tw-text-large tw-ta\" dir=\"ltr\" data-placeholder=\"Translation\"><span class=\"Y2IQFc\" lang=\"sq\">Kapaciteti total bruto 356 L <\/span><\/p>\n<p class=\"tw-data-text tw-text-large tw-ta\" dir=\"ltr\" data-placeholder=\"Translation\"><span class=\"Y2IQFc\" lang=\"sq\">Klasa klimatike SN-T <\/span><\/p>\n<p class=\"tw-data-text tw-text-large tw-ta\" dir=\"ltr\" data-placeholder=\"Translation\"><span class=\"Y2IQFc\" lang=\"sq\">Niveli i zhurm\u00ebs 42 dB\u00a0<\/span><\/p>\n<p class=\"tw-data-text tw-text-large tw-ta\" dir=\"ltr\" data-placeholder=\"Translation\"><span class=\"Y2IQFc\" lang=\"sq\"> Kapaciteti neto i frigoriferit 222 L <\/span><\/p>\n<p class=\"tw-data-text tw-text-large tw-ta\" dir=\"ltr\" data-placeholder=\"Translation\"><span class=\"Y2IQFc\" lang=\"sq\">Kapaciteti bruto i frigoriferit 234 L\u00a0<\/span><\/p>\n<p class=\"tw-data-text tw-text-large tw-ta\" dir=\"ltr\" data-placeholder=\"Translation\"><span class=\"Y2IQFc\" lang=\"sq\">Kapaciteti neto i ngrir\u00ebsit 97 L <\/span><\/p>\n<p class=\"tw-data-text tw-text-large tw-ta\" dir=\"ltr\" data-placeholder=\"Translation\"><span class=\"Y2IQFc\" lang=\"sq\">Kapaciteti bruto i ngrir\u00ebsit 122 L <\/span><\/p>\n<p class=\"tw-data-text tw-text-large tw-ta\" dir=\"ltr\" data-placeholder=\"Translation\"><span class=\"Y2IQFc\" lang=\"sq\">Kapaciteti i ngrirjes 4 kg \/ 24h<\/span><\/p>\n<p class=\"tw-data-text tw-text-large tw-ta\" dir=\"ltr\" data-placeholder=\"Translation\"><span class=\"Y2IQFc\" lang=\"sq\">Numri i rafteve\/shportave t\u00eb ngrir\u00ebsit 3\u00a0<\/span><\/p>\n<p class=\"tw-data-text tw-text-large tw-ta\" dir=\"ltr\" data-placeholder=\"Translation\"><span class=\"Y2IQFc\" lang=\"sq\">Gjat\u00ebsia e kordonit 2.45 m<\/span><\/p>\n<p class=\"tw-data-text tw-text-large tw-ta\" dir=\"ltr\" data-placeholder=\"Translation\"><span class=\"Y2IQFc\" lang=\"sq\">Klasa e efikasitetit t\u00eb energjis\u00eb (e vjet\u00ebr) A + <\/span><\/p>\n<p class=\"tw-data-text tw-text-large tw-ta\" dir=\"ltr\" data-placeholder=\"Translation\"><span class=\"Y2IQFc\" lang=\"sq\">Ngarkesa e lidhur 150 W <\/span><\/p>\n<p class=\"tw-data-text tw-text-large tw-ta\" dir=\"ltr\" data-placeholder=\"Translation\"><span class=\"Y2IQFc\" lang=\"sq\">Konsumi vjetor i energjis\u00eb 311 kWh <\/span><\/p>\n<p class=\"tw-data-text tw-text-large tw-ta\" dir=\"ltr\" data-placeholder=\"Translation\"><em><span class=\"Y2IQFc\" lang=\"sq\">\u00a0Pesha dhe dimensionet <\/span><\/em><\/p>\n<p class=\"tw-data-text tw-text-large tw-ta\" dir=\"ltr\" data-placeholder=\"Translation\"><span class=\"Y2IQFc\" lang=\"sq\">Gjer\u00ebsia 595 mm Thell\u00ebsia 663 mm Lart\u00ebsia 1888 mm <\/span><\/p>\n<p class=\"tw-data-text tw-text-large tw-ta\" dir=\"ltr\" data-placeholder=\"Translation\"><span class=\"Y2IQFc\" lang=\"sq\">Pesha 67 kg<\/span><\/p>\n","protected":false},"featured_media":2214,"template":"","meta":[],"product_brand":[],"product_cat":[60,61],"product_tag":[],"class_list":{"0":"post-2213","1":"product","2":"type-product","3":"status-publish","4":"has-post-thumbnail","6":"product_cat-frigorifere","7":"product_cat-qendrim-i-lire","8":"description-off","10":"first","11":"instock","12":"shipping-taxable","13":"product-type-simple"},"_links":{"self":[{"href":"https:\/\/jb-electronics.al\/index.php\/wp-json\/wp\/v2\/product\/2213","targetHints":{"allow":["GET"]}}],"collection":[{"href":"https:\/\/jb-electronics.al\/index.php\/wp-json\/wp\/v2\/product"}],"about":[{"href":"https:\/\/jb-electronics.al\/index.php\/wp-json\/wp\/v2\/types\/product"}],"wp:featuredmedia":[{"embeddable":true,"href":"https:\/\/jb-electronics.al\/index.php\/wp-json\/wp\/v2\/media\/2214"}],"wp:attachment":[{"href":"https:\/\/jb-electronics.al\/index.php\/wp-json\/wp\/v2\/media?parent=2213"}],"wp:term":[{"taxonomy":"product_brand","embeddable":true,"href":"https:\/\/jb-electronics.al\/index.php\/wp-json\/wp\/v2\/product_brand?post=2213"},{"taxonomy":"product_cat","embeddable":true,"href":"https:\/\/jb-electronics.al\/index.php\/wp-json\/wp\/v2\/product_cat?post=2213"},{"taxonomy":"product_tag","embeddable":true,"href":"https:\/\/jb-electronics.al\/index.php\/wp-json\/wp\/v2\/product_tag?post=2213"}],"curies":[{"name":"wp","href":"https:\/\/api.w.org\/{rel}","templated":true}]}}