{"id":2030,"date":"2021-02-26T09:45:34","date_gmt":"2021-02-26T09:45:34","guid":{"rendered":"https:\/\/jb-electronics.al\/?post_type=product&#038;p=2030"},"modified":"2022-09-30T10:26:21","modified_gmt":"2022-09-30T10:26:21","slug":"tharese-flokesh-sencor-shd108vt","status":"publish","type":"product","link":"https:\/\/jb-electronics.al\/index.php\/product\/tharese-flokesh-sencor-shd108vt\/","title":{"rendered":"Thar\u00ebse flok\u00ebsh SENCOR SHD108VT"},"content":{"rendered":"","protected":false},"excerpt":{"rendered":"<table>\n<tbody>\n<tr>\n<td width=\"638\"><strong>Specifikime teknike:<\/strong><\/td>\n<\/tr>\n<tr>\n<td width=\"638\">Nivelet e temperatur\u00ebs 3<\/td>\n<\/tr>\n<tr>\n<td width=\"638\">Aksesor 2<\/td>\n<\/tr>\n<tr>\n<td width=\"638\">Shpejt\u00ebsit\u00eb 2<\/td>\n<\/tr>\n<tr>\n<td width=\"638\">Ajer i fresket Po<\/td>\n<\/tr>\n<tr>\n<td width=\"638\">Jonizues Po<\/td>\n<\/tr>\n<tr>\n<td width=\"638\">P\u00ebrhap\u00ebs Po<\/td>\n<\/tr>\n<tr>\n<td width=\"638\">Fund fleksib\u00ebl Po<\/td>\n<\/tr>\n<tr>\n<td width=\"638\">Fur\u00e7\u00eb kreh\u00ebr Jo<\/td>\n<\/tr>\n<tr>\n<td width=\"638\">Hyrja e energjis\u00eb 2 000 W<\/td>\n<\/tr>\n<tr>\n<td width=\"638\">P\u00ebrmasat L x Gj x Th 27,8 x 21,5 x 8,9 cm<\/td>\n<\/tr>\n<tr>\n<td width=\"638\">Ngjyr\u00eb E zez\u00eb<\/td>\n<\/tr>\n<tr>\n<td width=\"638\">Pesha 920 g<\/td>\n<\/tr>\n<\/tbody>\n<\/table>\n","protected":false},"featured_media":3548,"template":"","meta":[],"product_brand":[],"product_cat":[31,108,109],"product_tag":[],"class_list":{"0":"post-2030","1":"product","2":"type-product","3":"status-publish","4":"has-post-thumbnail","6":"product_cat-elektroshtepiake-te-vogla","7":"product_cat-kujdesi-personal","8":"product_cat-tharese-flokesh","9":"description-off","11":"first","12":"instock","13":"shipping-taxable","14":"product-type-simple"},"_links":{"self":[{"href":"https:\/\/jb-electronics.al\/index.php\/wp-json\/wp\/v2\/product\/2030","targetHints":{"allow":["GET"]}}],"collection":[{"href":"https:\/\/jb-electronics.al\/index.php\/wp-json\/wp\/v2\/product"}],"about":[{"href":"https:\/\/jb-electronics.al\/index.php\/wp-json\/wp\/v2\/types\/product"}],"wp:featuredmedia":[{"embeddable":true,"href":"https:\/\/jb-electronics.al\/index.php\/wp-json\/wp\/v2\/media\/3548"}],"wp:attachment":[{"href":"https:\/\/jb-electronics.al\/index.php\/wp-json\/wp\/v2\/media?parent=2030"}],"wp:term":[{"taxonomy":"product_brand","embeddable":true,"href":"https:\/\/jb-electronics.al\/index.php\/wp-json\/wp\/v2\/product_brand?post=2030"},{"taxonomy":"product_cat","embeddable":true,"href":"https:\/\/jb-electronics.al\/index.php\/wp-json\/wp\/v2\/product_cat?post=2030"},{"taxonomy":"product_tag","embeddable":true,"href":"https:\/\/jb-electronics.al\/index.php\/wp-json\/wp\/v2\/product_tag?post=2030"}],"curies":[{"name":"wp","href":"https:\/\/api.w.org\/{rel}","templated":true}]}}