{"id":1885,"date":"2021-02-24T13:19:14","date_gmt":"2021-02-24T13:19:14","guid":{"rendered":"https:\/\/jb-electronics.al\/?post_type=product&#038;p=1885"},"modified":"2022-09-05T08:07:23","modified_gmt":"2022-09-05T08:07:23","slug":"kondicioner-aux-asw-h24b4-jar3di-eu","status":"publish","type":"product","link":"https:\/\/jb-electronics.al\/index.php\/product\/kondicioner-aux-asw-h24b4-jar3di-eu\/","title":{"rendered":"Kondicioner AUX ASW-H24B4\/JER3D2"},"content":{"rendered":"","protected":false},"excerpt":{"rendered":"<table>\n<tbody>\n<tr>\n<td width=\"638\">AUX Model:ASW-H24B4\/JER3D2<\/td>\n<\/tr>\n<tr>\n<td width=\"638\">KONDICIONER<\/td>\n<\/tr>\n<tr>\n<td width=\"638\"><strong>Specifikat teknike<\/strong><\/td>\n<\/tr>\n<tr>\n<td width=\"638\">Lloji i kondicionerit: 24,000 BTU.<\/td>\n<\/tr>\n<tr>\n<td width=\"638\">Klasa e energjis\u00eb: A + \/ A ++.<\/td>\n<\/tr>\n<tr>\n<td width=\"638\">Fuqia ftoh\u00ebse kW \/ or\u00eb : 1.4 &#8211; 7.5 kW.<\/td>\n<\/tr>\n<tr>\n<td width=\"638\">Fuqia e ngrohjes kW \/ h : 0.9 &#8211; 7.3 kW.<\/td>\n<\/tr>\n<tr>\n<td width=\"638\">Lloji i ftoh\u00ebsit : R32.<\/td>\n<\/tr>\n<tr>\n<td width=\"638\">Nivelet e zhurm\u00ebs : 60\/68 dB.<\/td>\n<\/tr>\n<tr>\n<td width=\"638\">P\u00ebrmasat e nj\u00ebsis\u00eb s\u00eb brendshme mm : 312 x 1095 x 215.<\/td>\n<\/tr>\n<tr>\n<td width=\"638\">P\u00ebrmasat e nj\u00ebsis\u00eb s\u00eb jashtme mm : 690 x 800 x 300.<\/td>\n<\/tr>\n<tr>\n<td width=\"638\">Funksione shtes\u00eb: WiFi<\/td>\n<\/tr>\n<\/tbody>\n<\/table>\n","protected":false},"featured_media":2887,"template":"","meta":[],"product_brand":[],"product_cat":[198,194,139,29,80,143],"product_tag":[],"class_list":{"0":"post-1885","1":"product","2":"type-product","3":"status-publish","4":"has-post-thumbnail","6":"product_cat-24-2","7":"product_cat-194","8":"product_cat-kondicioner","9":"product_cat-kondicionere-murale","10":"product_cat-kondicioner-mural","11":"product_cat-mural","12":"description-off","14":"first","15":"instock","16":"shipping-taxable","17":"product-type-simple"},"_links":{"self":[{"href":"https:\/\/jb-electronics.al\/index.php\/wp-json\/wp\/v2\/product\/1885","targetHints":{"allow":["GET"]}}],"collection":[{"href":"https:\/\/jb-electronics.al\/index.php\/wp-json\/wp\/v2\/product"}],"about":[{"href":"https:\/\/jb-electronics.al\/index.php\/wp-json\/wp\/v2\/types\/product"}],"wp:featuredmedia":[{"embeddable":true,"href":"https:\/\/jb-electronics.al\/index.php\/wp-json\/wp\/v2\/media\/2887"}],"wp:attachment":[{"href":"https:\/\/jb-electronics.al\/index.php\/wp-json\/wp\/v2\/media?parent=1885"}],"wp:term":[{"taxonomy":"product_brand","embeddable":true,"href":"https:\/\/jb-electronics.al\/index.php\/wp-json\/wp\/v2\/product_brand?post=1885"},{"taxonomy":"product_cat","embeddable":true,"href":"https:\/\/jb-electronics.al\/index.php\/wp-json\/wp\/v2\/product_cat?post=1885"},{"taxonomy":"product_tag","embeddable":true,"href":"https:\/\/jb-electronics.al\/index.php\/wp-json\/wp\/v2\/product_tag?post=1885"}],"curies":[{"name":"wp","href":"https:\/\/api.w.org\/{rel}","templated":true}]}}