{"id":1816,"date":"2020-12-30T22:22:09","date_gmt":"2020-12-30T22:22:09","guid":{"rendered":"https:\/\/jb-electronics.al\/?post_type=product&#038;p=1816"},"modified":"2022-09-30T10:26:31","modified_gmt":"2022-09-30T10:26:31","slug":"tharese-flokesh-imetec-11728","status":"publish","type":"product","link":"https:\/\/jb-electronics.al\/index.php\/product\/tharese-flokesh-imetec-11728\/","title":{"rendered":"Thar\u00ebse flokesh IMETEC 11728"},"content":{"rendered":"","protected":false},"excerpt":{"rendered":"<p><strong>Specifikat teknike<\/strong><\/p>\n<p>Funksione Jonizim, aj\u00ebr i ftoht\u00eb<\/p>\n<p>Aksesor\u00eb P\u00ebrhap\u00ebs, P\u00ebrqendrues<\/p>\n<p>Konsumi i energjis\u00eb 2,400 W<\/p>\n<p>Numri i shpejt\u00ebsive 4<\/p>\n<p>Numri i temperaturave 4<\/p>\n<p>Gjat\u00ebsia e kabllit 1.8 m<\/p>\n<p>Ngjyr\u00eb E zez\u00eb<\/p>\n","protected":false},"featured_media":3551,"template":"","meta":[],"product_brand":[],"product_cat":[31,108,109],"product_tag":[],"class_list":{"0":"post-1816","1":"product","2":"type-product","3":"status-publish","4":"has-post-thumbnail","6":"product_cat-elektroshtepiake-te-vogla","7":"product_cat-kujdesi-personal","8":"product_cat-tharese-flokesh","9":"description-off","11":"first","12":"instock","13":"shipping-taxable","14":"product-type-simple"},"_links":{"self":[{"href":"https:\/\/jb-electronics.al\/index.php\/wp-json\/wp\/v2\/product\/1816","targetHints":{"allow":["GET"]}}],"collection":[{"href":"https:\/\/jb-electronics.al\/index.php\/wp-json\/wp\/v2\/product"}],"about":[{"href":"https:\/\/jb-electronics.al\/index.php\/wp-json\/wp\/v2\/types\/product"}],"wp:featuredmedia":[{"embeddable":true,"href":"https:\/\/jb-electronics.al\/index.php\/wp-json\/wp\/v2\/media\/3551"}],"wp:attachment":[{"href":"https:\/\/jb-electronics.al\/index.php\/wp-json\/wp\/v2\/media?parent=1816"}],"wp:term":[{"taxonomy":"product_brand","embeddable":true,"href":"https:\/\/jb-electronics.al\/index.php\/wp-json\/wp\/v2\/product_brand?post=1816"},{"taxonomy":"product_cat","embeddable":true,"href":"https:\/\/jb-electronics.al\/index.php\/wp-json\/wp\/v2\/product_cat?post=1816"},{"taxonomy":"product_tag","embeddable":true,"href":"https:\/\/jb-electronics.al\/index.php\/wp-json\/wp\/v2\/product_tag?post=1816"}],"curies":[{"name":"wp","href":"https:\/\/api.w.org\/{rel}","templated":true}]}}