{"id":1814,"date":"2020-12-30T22:19:57","date_gmt":"2020-12-30T22:19:57","guid":{"rendered":"https:\/\/jb-electronics.al\/?post_type=product&#038;p=1814"},"modified":"2022-08-12T08:29:44","modified_gmt":"2022-08-12T08:29:44","slug":"shtrydhese-frutash-imetec-7263-sj700","status":"publish","type":"product","link":"https:\/\/jb-electronics.al\/index.php\/product\/shtrydhese-frutash-imetec-7263-sj700\/","title":{"rendered":"Shtrydh\u00ebse frutash IMETEC 7263 SJ700"},"content":{"rendered":"","protected":false},"excerpt":{"rendered":"<p><strong><em>Specifikat teknike<\/em><\/strong><\/p>\n<p>Marka: Imetec<\/p>\n<p>Kapaciteti: 0,3 L<\/p>\n<p>Kapaciteti i en\u00ebs s\u00eb l\u00ebngut:1 L<\/p>\n<p>Niveli i shpejtesive: 3<\/p>\n<p>Inverter: Po<\/p>\n<p>Fuqia:150 W<\/p>\n<p>Frekuenca AZ: 50 Hz<\/p>\n<p>Ngjyra e produktit: Gri<\/p>\n<p>Gjat\u00ebsia e kabullit: 1 M<\/p>\n<p>Ekran i integruar: Po<\/p>\n","protected":false},"featured_media":3540,"template":"","meta":[],"product_brand":[],"product_cat":[31,104],"product_tag":[],"class_list":{"0":"post-1814","1":"product","2":"type-product","3":"status-publish","4":"has-post-thumbnail","6":"product_cat-elektroshtepiake-te-vogla","7":"product_cat-shtrydhese","8":"description-off","10":"first","11":"instock","12":"shipping-taxable","13":"product-type-simple"},"_links":{"self":[{"href":"https:\/\/jb-electronics.al\/index.php\/wp-json\/wp\/v2\/product\/1814","targetHints":{"allow":["GET"]}}],"collection":[{"href":"https:\/\/jb-electronics.al\/index.php\/wp-json\/wp\/v2\/product"}],"about":[{"href":"https:\/\/jb-electronics.al\/index.php\/wp-json\/wp\/v2\/types\/product"}],"wp:featuredmedia":[{"embeddable":true,"href":"https:\/\/jb-electronics.al\/index.php\/wp-json\/wp\/v2\/media\/3540"}],"wp:attachment":[{"href":"https:\/\/jb-electronics.al\/index.php\/wp-json\/wp\/v2\/media?parent=1814"}],"wp:term":[{"taxonomy":"product_brand","embeddable":true,"href":"https:\/\/jb-electronics.al\/index.php\/wp-json\/wp\/v2\/product_brand?post=1814"},{"taxonomy":"product_cat","embeddable":true,"href":"https:\/\/jb-electronics.al\/index.php\/wp-json\/wp\/v2\/product_cat?post=1814"},{"taxonomy":"product_tag","embeddable":true,"href":"https:\/\/jb-electronics.al\/index.php\/wp-json\/wp\/v2\/product_tag?post=1814"}],"curies":[{"name":"wp","href":"https:\/\/api.w.org\/{rel}","templated":true}]}}