{"id":1791,"date":"2020-12-30T17:44:59","date_gmt":"2020-12-30T17:44:59","guid":{"rendered":"https:\/\/jb-electronics.al\/?post_type=product&#038;p=1791"},"modified":"2022-09-02T07:00:52","modified_gmt":"2022-09-02T07:00:52","slug":"frgorifer-lg-gsx961neaz","status":"publish","type":"product","link":"https:\/\/jb-electronics.al\/index.php\/product\/frgorifer-lg-gsx961neaz\/","title":{"rendered":"Frigorifer LG GSX961NEAZ"},"content":{"rendered":"","protected":false},"excerpt":{"rendered":"<p><strong>\u00a0<em>Specifika teknike<\/em><\/strong><\/p>\n<p>Marka : LG<\/p>\n<p>Tipi i Frigoriferit : Dy kanat\u00ebsh<\/p>\n<p>Ngjyra \/ Materiali : GRI \/ Boj\u00ebra<\/p>\n<p>Lloji i ftohjes : Me aj\u00ebr<\/p>\n<p>Kapaciteti total : 601 L<\/p>\n<p>Zona e freskise : Po<\/p>\n<p>Nd\u00ebrrimi i hapjes s\u00eb der\u00ebs : Jo<\/p>\n<p>Paneli i kontrollit : Elektronik<\/p>\n<p>Opsione Ekstra : Crisper i Bilancit t\u00eb Lag\u00ebshtit<\/p>\n<p>Klasi i energjis\u00eb : A ++<\/p>\n<p>Mbrojtja e ushqimeve : Bilanci i lag\u00ebshtis\u00eb<\/p>\n<p>Opsioni i pushimeve : Alarm tek dera<\/p>\n<p>Ndricimi i brendshem : LED<\/p>\n<p>Ftohje e shpejte : Po<\/p>\n<p>Kapaciteti NETO (Ngrir\u00ebsi \/ Freskuesi) : 196\/405<\/p>\n<p>Kompresori :\u00a0 Kompresor Linear Inverter<\/p>\n<p>Tipi i vendosjes : Q\u00ebndrim i lir\u00eb<\/p>\n<p>P\u00ebrmasat (Gj x L x Th) (cm) : 91,2 x 179 x 73,8<\/p>\n<p>Materiali i rafteve : Xham<\/p>\n<p>Garancia normale : 24<\/p>\n<p>Niveli i zhurm\u00ebs (dBa) : 39<\/p>\n","protected":false},"featured_media":2300,"template":"","meta":[],"product_brand":[],"product_cat":[60,156],"product_tag":[],"class_list":{"0":"post-1791","1":"product","2":"type-product","3":"status-publish","4":"has-post-thumbnail","6":"product_cat-frigorifere","7":"product_cat-frigorifer-dykanatesh","8":"description-off","10":"first","11":"instock","12":"shipping-taxable","13":"product-type-simple"},"_links":{"self":[{"href":"https:\/\/jb-electronics.al\/index.php\/wp-json\/wp\/v2\/product\/1791","targetHints":{"allow":["GET"]}}],"collection":[{"href":"https:\/\/jb-electronics.al\/index.php\/wp-json\/wp\/v2\/product"}],"about":[{"href":"https:\/\/jb-electronics.al\/index.php\/wp-json\/wp\/v2\/types\/product"}],"wp:featuredmedia":[{"embeddable":true,"href":"https:\/\/jb-electronics.al\/index.php\/wp-json\/wp\/v2\/media\/2300"}],"wp:attachment":[{"href":"https:\/\/jb-electronics.al\/index.php\/wp-json\/wp\/v2\/media?parent=1791"}],"wp:term":[{"taxonomy":"product_brand","embeddable":true,"href":"https:\/\/jb-electronics.al\/index.php\/wp-json\/wp\/v2\/product_brand?post=1791"},{"taxonomy":"product_cat","embeddable":true,"href":"https:\/\/jb-electronics.al\/index.php\/wp-json\/wp\/v2\/product_cat?post=1791"},{"taxonomy":"product_tag","embeddable":true,"href":"https:\/\/jb-electronics.al\/index.php\/wp-json\/wp\/v2\/product_tag?post=1791"}],"curies":[{"name":"wp","href":"https:\/\/api.w.org\/{rel}","templated":true}]}}