{"id":1489,"date":"2020-05-19T20:31:42","date_gmt":"2020-05-19T20:31:42","guid":{"rendered":"https:\/\/jb-electronics.al\/?post_type=product&#038;p=1489"},"modified":"2022-09-30T10:59:03","modified_gmt":"2022-09-30T10:59:03","slug":"mikrovale-hotpoint-ariston-mwk-431-x-ha","status":"publish","type":"product","link":"https:\/\/jb-electronics.al\/index.php\/product\/mikrovale-hotpoint-ariston-mwk-431-x-ha\/","title":{"rendered":"Mikrovale ARISTON MWK 431"},"content":{"rendered":"","protected":false},"excerpt":{"rendered":"<p><strong>Specifikat teknike<\/strong><\/p>\n<p>Marka Ariston<\/p>\n<p>Lloji mikroval\u00eb e integruar<\/p>\n<p>Ngjyra Pasqyre<\/p>\n<p>Konsumi i energjis\u00eb 3350 W<\/p>\n<p>Fuqia e mikroval\u00ebs 900 vat<\/p>\n<p>V\u00ebllimi i brendsh\u00ebm 44 l<\/p>\n<p>Diametri i pjates 36 cm<\/p>\n<p>Veshje e brendshme inox<\/p>\n<p>Fuqia e skar\u00eb 1200 vat<\/p>\n<p>M\u00ebnyrat e kombinuara mikroval\u00eb + skar\u00eb, mikroval\u00eb + konvekcion<\/p>\n<p>Heqje e alarmit jo<\/p>\n<p>Paneli i kontrollit me prekje<\/p>\n<p>Lloji i menaxhimit sensor<\/p>\n<p>Koha maksimale e ores 95 min<\/p>\n<p>Dimensionet gj x l x th 59.5 x 45.5 x 56.8 cm<\/p>\n<p>Pesh\u00eb 25 kg<\/p>\n","protected":false},"featured_media":3117,"template":"","meta":[],"product_brand":[],"product_cat":[69,25,75,119,126],"product_tag":[],"class_list":{"0":"post-1489","1":"product","2":"type-product","3":"status-publish","4":"has-post-thumbnail","6":"product_cat-gatim","7":"product_cat-mikrovale","8":"product_cat-mikrovale-3","9":"product_cat-mikrovale-4","10":"product_cat-mikrovale-inkaso","11":"description-off","13":"first","14":"instock","15":"shipping-taxable","16":"product-type-simple"},"_links":{"self":[{"href":"https:\/\/jb-electronics.al\/index.php\/wp-json\/wp\/v2\/product\/1489","targetHints":{"allow":["GET"]}}],"collection":[{"href":"https:\/\/jb-electronics.al\/index.php\/wp-json\/wp\/v2\/product"}],"about":[{"href":"https:\/\/jb-electronics.al\/index.php\/wp-json\/wp\/v2\/types\/product"}],"wp:featuredmedia":[{"embeddable":true,"href":"https:\/\/jb-electronics.al\/index.php\/wp-json\/wp\/v2\/media\/3117"}],"wp:attachment":[{"href":"https:\/\/jb-electronics.al\/index.php\/wp-json\/wp\/v2\/media?parent=1489"}],"wp:term":[{"taxonomy":"product_brand","embeddable":true,"href":"https:\/\/jb-electronics.al\/index.php\/wp-json\/wp\/v2\/product_brand?post=1489"},{"taxonomy":"product_cat","embeddable":true,"href":"https:\/\/jb-electronics.al\/index.php\/wp-json\/wp\/v2\/product_cat?post=1489"},{"taxonomy":"product_tag","embeddable":true,"href":"https:\/\/jb-electronics.al\/index.php\/wp-json\/wp\/v2\/product_tag?post=1489"}],"curies":[{"name":"wp","href":"https:\/\/api.w.org\/{rel}","templated":true}]}}