{"id":1306,"date":"2020-04-02T17:41:56","date_gmt":"2020-04-02T17:41:56","guid":{"rendered":"https:\/\/jb-electronics.al\/?post_type=product&#038;p=1306"},"modified":"2022-09-05T10:14:47","modified_gmt":"2022-09-05T10:14:47","slug":"furre-inkaso-neff-b3cce4an0","status":"publish","type":"product","link":"https:\/\/jb-electronics.al\/index.php\/product\/furre-inkaso-neff-b3cce4an0\/","title":{"rendered":"Furr\u00eb NEFF B3CCE4AN0"},"content":{"rendered":"","protected":false},"excerpt":{"rendered":"<p><strong>Specifika teknike<\/strong><\/p>\n<p>Marka: NEFF<\/p>\n<p>Ngjyra e p\u00ebrparme: \u00e7elik inox<\/p>\n<p>Dizajni: i integruar<\/p>\n<p>Sistemi i integruar i pastrimit: hidrolitik<\/p>\n<p>Dimensionet e pajisjes (mm): 595 x 594 x 548<\/p>\n<p>Materiali i mbulimit: \u00e7elik inox<\/p>\n<p>Materiali i der\u00ebs: qelqi<\/p>\n<p>Pesha neto (kg): 34,552<\/p>\n<p>V\u00ebllimi neto &#8211; furr\u00eb 1 (l): 71<\/p>\n<p>Kontrolli i furr\u00ebs: mekanik<\/p>\n<p>Gjat\u00ebsia e kabllit lidh\u00ebs (cm): 120<\/p>\n<p>Klasa e efikasitetit t\u00eb energjis\u00eb (2010\/30 \/ EC): A<\/p>\n<p>Konsumi i energjis\u00eb p\u00ebr ciklin e nxeht\u00ebsis\u00eb 1.04<\/p>\n<p>Konsumi i energjis\u00eb p\u00ebr ciklin e ajrit t\u00eb nxeht\u00eb 0.81<\/p>\n<p>Indeksi i efikasitetit t\u00eb energjis\u00eb 95.3<\/p>\n<p>Ngarkesa e lidhur (W): 3400<\/p>\n<p>Mbrojtja (A): 16<\/p>\n<p>Tensioni (V): 220-240<\/p>\n<p>Frekuenca (Hz): 60; 50<\/p>\n","protected":false},"featured_media":3323,"template":"","meta":[],"product_brand":[],"product_cat":[20,45,73,171,69,38],"product_tag":[],"class_list":{"0":"post-1306","1":"product","2":"type-product","3":"status-publish","4":"has-post-thumbnail","6":"product_cat-furr","7":"product_cat-furre","8":"product_cat-furre-2","9":"product_cat-furre-inkaso","10":"product_cat-gatim","11":"product_cat-inkaso","12":"description-off","14":"first","15":"instock","16":"shipping-taxable","17":"product-type-simple"},"_links":{"self":[{"href":"https:\/\/jb-electronics.al\/index.php\/wp-json\/wp\/v2\/product\/1306","targetHints":{"allow":["GET"]}}],"collection":[{"href":"https:\/\/jb-electronics.al\/index.php\/wp-json\/wp\/v2\/product"}],"about":[{"href":"https:\/\/jb-electronics.al\/index.php\/wp-json\/wp\/v2\/types\/product"}],"wp:featuredmedia":[{"embeddable":true,"href":"https:\/\/jb-electronics.al\/index.php\/wp-json\/wp\/v2\/media\/3323"}],"wp:attachment":[{"href":"https:\/\/jb-electronics.al\/index.php\/wp-json\/wp\/v2\/media?parent=1306"}],"wp:term":[{"taxonomy":"product_brand","embeddable":true,"href":"https:\/\/jb-electronics.al\/index.php\/wp-json\/wp\/v2\/product_brand?post=1306"},{"taxonomy":"product_cat","embeddable":true,"href":"https:\/\/jb-electronics.al\/index.php\/wp-json\/wp\/v2\/product_cat?post=1306"},{"taxonomy":"product_tag","embeddable":true,"href":"https:\/\/jb-electronics.al\/index.php\/wp-json\/wp\/v2\/product_tag?post=1306"}],"curies":[{"name":"wp","href":"https:\/\/api.w.org\/{rel}","templated":true}]}}