{"id":1299,"date":"2020-04-01T20:26:10","date_gmt":"2020-04-01T20:26:10","guid":{"rendered":"https:\/\/jb-electronics.al\/?post_type=product&#038;p=1299"},"modified":"2022-09-05T10:13:27","modified_gmt":"2022-09-05T10:13:27","slug":"furre-inkaso-whirlpool-akzm-8660-ix","status":"publish","type":"product","link":"https:\/\/jb-electronics.al\/index.php\/product\/furre-inkaso-whirlpool-akzm-8660-ix\/","title":{"rendered":"Furr\u00eb WHIRLPOOL AKZM8660IX"},"content":{"rendered":"","protected":false},"excerpt":{"rendered":"<p><strong>Specifika teknike<\/strong><\/p>\n<p>Marka: Whirlpool<\/p>\n<p>Madh\u00ebsia e furr\u00ebs: E mesme,<\/p>\n<p>Lloji i furr\u00ebs: Elektrike,<\/p>\n<p>Kapaciteti i brendsh\u00ebm i furr\u00ebs (s) totale: 73 L.<\/p>\n<p>Ngjyra e produktit: \u00e7elik inox,<\/p>\n<p>lloji i kontrollit: Rrotullues, Prekja,<\/p>\n<p>Pozicioni i kontrollit: P\u00ebrpara.<\/p>\n<p>Klasa e efikasitetit t\u00eb energjis\u00eb: A +,<\/p>\n<p>Konsumi i energjis\u00eb (konvencionale): 0.91 kWh,<\/p>\n<p>konsumi i energjis\u00eb (konvekcion i detyruar): 0.7 kWh.<\/p>\n<p>Sasia e llambave: 1 llamba (s).<\/p>\n<p>Gjer\u00ebsia: 595 mm Thell\u00ebsia: 564 mm Lart\u00ebsia: 595 mm<\/p>\n","protected":false},"featured_media":2986,"template":"","meta":[],"product_brand":[],"product_cat":[20,45,73,171,69,38],"product_tag":[],"class_list":{"0":"post-1299","1":"product","2":"type-product","3":"status-publish","4":"has-post-thumbnail","6":"product_cat-furr","7":"product_cat-furre","8":"product_cat-furre-2","9":"product_cat-furre-inkaso","10":"product_cat-gatim","11":"product_cat-inkaso","12":"description-off","14":"first","15":"instock","16":"shipping-taxable","17":"product-type-simple"},"_links":{"self":[{"href":"https:\/\/jb-electronics.al\/index.php\/wp-json\/wp\/v2\/product\/1299","targetHints":{"allow":["GET"]}}],"collection":[{"href":"https:\/\/jb-electronics.al\/index.php\/wp-json\/wp\/v2\/product"}],"about":[{"href":"https:\/\/jb-electronics.al\/index.php\/wp-json\/wp\/v2\/types\/product"}],"wp:featuredmedia":[{"embeddable":true,"href":"https:\/\/jb-electronics.al\/index.php\/wp-json\/wp\/v2\/media\/2986"}],"wp:attachment":[{"href":"https:\/\/jb-electronics.al\/index.php\/wp-json\/wp\/v2\/media?parent=1299"}],"wp:term":[{"taxonomy":"product_brand","embeddable":true,"href":"https:\/\/jb-electronics.al\/index.php\/wp-json\/wp\/v2\/product_brand?post=1299"},{"taxonomy":"product_cat","embeddable":true,"href":"https:\/\/jb-electronics.al\/index.php\/wp-json\/wp\/v2\/product_cat?post=1299"},{"taxonomy":"product_tag","embeddable":true,"href":"https:\/\/jb-electronics.al\/index.php\/wp-json\/wp\/v2\/product_tag?post=1299"}],"curies":[{"name":"wp","href":"https:\/\/api.w.org\/{rel}","templated":true}]}}