{"id":126,"date":"2018-05-10T12:47:00","date_gmt":"2018-05-10T12:47:00","guid":{"rendered":"https:\/\/jb-electronics.al\/?post_type=product&#038;p=126"},"modified":"2022-09-05T10:09:38","modified_gmt":"2022-09-05T10:09:38","slug":"furre-akp745ix","status":"publish","type":"product","link":"https:\/\/jb-electronics.al\/index.php\/product\/furre-akp745ix\/","title":{"rendered":"Furr\u00eb WHIRLPOOL AKP745IX"},"content":{"rendered":"","protected":false},"excerpt":{"rendered":"<p><strong>Specifika teknike<\/strong><\/p>\n<table>\n<tbody>\n<tr>\n<th>Marka<\/th>\n<td>\u00a0Whirlpool<\/td>\n<\/tr>\n<tr>\n<th>Klasi Energjis\u00eb<\/th>\n<td>\u00a0A<\/td>\n<\/tr>\n<tr>\n<th>P\u00ebrmasat<\/th>\n<td>\u00a060 Standart<\/td>\n<\/tr>\n<tr>\n<th>Volumi<\/th>\n<td>\u00a062 Lt<\/td>\n<\/tr>\n<tr>\n<th>Karakteristikat<\/th>\n<td>Ventilim t\u00eb br\u00ebndsh\u00ebm<\/td>\n<\/tr>\n<tr>\n<th>Kontrolli<\/th>\n<td>Elektronik<\/td>\n<\/tr>\n<tr>\n<th>Programet<\/th>\n<td>16 Programe Gatimi<\/td>\n<\/tr>\n<tr>\n<th>Aksesor\u00eb<\/th>\n<td>\u00a0Tav\u00eb + Zgar\u00eb<\/td>\n<\/tr>\n<tr>\n<th>Xhami<\/th>\n<td>\u00a02 Shtresa Xhami<\/td>\n<\/tr>\n<\/tbody>\n<\/table>\n<p>&nbsp;<\/p>\n","protected":false},"featured_media":3019,"template":"","meta":[],"product_brand":[],"product_cat":[20,45,73,171,69,38],"product_tag":[],"class_list":{"0":"post-126","1":"product","2":"type-product","3":"status-publish","4":"has-post-thumbnail","6":"product_cat-furr","7":"product_cat-furre","8":"product_cat-furre-2","9":"product_cat-furre-inkaso","10":"product_cat-gatim","11":"product_cat-inkaso","12":"description-off","14":"first","15":"instock","16":"shipping-taxable","17":"product-type-simple"},"_links":{"self":[{"href":"https:\/\/jb-electronics.al\/index.php\/wp-json\/wp\/v2\/product\/126","targetHints":{"allow":["GET"]}}],"collection":[{"href":"https:\/\/jb-electronics.al\/index.php\/wp-json\/wp\/v2\/product"}],"about":[{"href":"https:\/\/jb-electronics.al\/index.php\/wp-json\/wp\/v2\/types\/product"}],"wp:featuredmedia":[{"embeddable":true,"href":"https:\/\/jb-electronics.al\/index.php\/wp-json\/wp\/v2\/media\/3019"}],"wp:attachment":[{"href":"https:\/\/jb-electronics.al\/index.php\/wp-json\/wp\/v2\/media?parent=126"}],"wp:term":[{"taxonomy":"product_brand","embeddable":true,"href":"https:\/\/jb-electronics.al\/index.php\/wp-json\/wp\/v2\/product_brand?post=126"},{"taxonomy":"product_cat","embeddable":true,"href":"https:\/\/jb-electronics.al\/index.php\/wp-json\/wp\/v2\/product_cat?post=126"},{"taxonomy":"product_tag","embeddable":true,"href":"https:\/\/jb-electronics.al\/index.php\/wp-json\/wp\/v2\/product_tag?post=126"}],"curies":[{"name":"wp","href":"https:\/\/api.w.org\/{rel}","templated":true}]}}