{"id":1068,"date":"2019-04-30T15:42:37","date_gmt":"2019-04-30T15:42:37","guid":{"rendered":"https:\/\/jb-electronics.al\/?post_type=product&#038;p=1068"},"modified":"2022-08-12T09:50:56","modified_gmt":"2022-08-12T09:50:56","slug":"pjanure-inkaso-neff-t36bd60n0","status":"publish","type":"product","link":"https:\/\/jb-electronics.al\/index.php\/product\/pjanure-inkaso-neff-t36bd60n0\/","title":{"rendered":"Pjanur\u00eb NEFF T36BD60N0"},"content":{"rendered":"","protected":false},"excerpt":{"rendered":"<p><strong>Specifika teknike<\/strong><\/p>\n<p dir=\"ltr\" data-placeholder=\"Translation\">Marka: NEFF<\/p>\n<p id=\"tw-target-text\" class=\"tw-data-text tw-text-large tw-ta\" dir=\"ltr\" data-placeholder=\"Translation\"><span class=\"Y2IQFc\" lang=\"sq\">Modeli: T36BD60N0<\/span><\/p>\n<p class=\"tw-data-text tw-text-large tw-ta\" dir=\"ltr\" data-placeholder=\"Translation\"><span class=\"Y2IQFc\" lang=\"sq\">Kategoria: Induksion<\/span><\/p>\n<p><span lang=\"IT\" style=\"background: white; margin: 0px; color: #212121; line-height: 105%; font-family: 'Arial',sans-serif; font-size: 12pt;\">Mbyllja dhe siguria e f\u00ebmij\u00ebve <\/span><\/p>\n<p><span lang=\"DE\" style=\"background: white; margin: 0px; color: #212121; line-height: 105%; font-family: 'Arial',sans-serif; font-size: 12pt;\">Funksioni i nisjes s\u00eb shpejt\u00eb <\/span><\/p>\n<p><span lang=\"IT\" style=\"background: white; margin: 0px; color: #212121; line-height: 105%; font-family: 'Arial',sans-serif; font-size: 12pt;\">Funksioni: rinisje te programit. <\/span><\/p>\n<p><span lang=\"IT\" style=\"background: white; margin: 0px; color: #212121; line-height: 105%; font-family: 'Arial',sans-serif; font-size: 12pt;\">Konsumi i energjis\u00eb: A+ <\/span><\/p>\n<p><span style=\"background: white; margin: 0px; color: #212121; line-height: 105%; font-family: 'Arial',sans-serif; font-size: 12pt;\">Style: 60 cm dhe gjer\u00eb <\/span><\/p>\n<p><span lang=\"DE\" style=\"background: white; margin: 0px; color: #212121; line-height: 105%; font-family: 'Arial',sans-serif; font-size: 12pt;\">Korniz\u00eb n\u00eb \u00e7elik inox <\/span><\/p>\n<p><span style=\"background: white; margin: 0px; color: #212121; line-height: 105%; font-family: 'Arial',sans-serif; font-size: 12pt;\">Ngarkes\u00eb e lidhur 4600 W<\/span><\/p>\n<p><span style=\"color: #000000; font-family: Calibri;\"><span lang=\"IT\" style=\"background: white; margin: 0px; color: #212121; line-height: 105%; font-family: 'Arial',sans-serif; font-size: 12pt;\">Dimensionet dhe instalimi: 560 mm x 490 mm Min.<\/span><\/span><\/p>\n","protected":false},"featured_media":3068,"template":"","meta":[],"product_brand":[],"product_cat":[69,177,181,38,40],"product_tag":[],"class_list":{"0":"post-1068","1":"product","2":"type-product","3":"status-publish","4":"has-post-thumbnail","6":"product_cat-gatim","7":"product_cat-induksion","8":"product_cat-induksion-2","9":"product_cat-inkaso","10":"product_cat-pjanure","11":"description-off","13":"first","14":"instock","15":"shipping-taxable","16":"product-type-simple"},"_links":{"self":[{"href":"https:\/\/jb-electronics.al\/index.php\/wp-json\/wp\/v2\/product\/1068","targetHints":{"allow":["GET"]}}],"collection":[{"href":"https:\/\/jb-electronics.al\/index.php\/wp-json\/wp\/v2\/product"}],"about":[{"href":"https:\/\/jb-electronics.al\/index.php\/wp-json\/wp\/v2\/types\/product"}],"wp:featuredmedia":[{"embeddable":true,"href":"https:\/\/jb-electronics.al\/index.php\/wp-json\/wp\/v2\/media\/3068"}],"wp:attachment":[{"href":"https:\/\/jb-electronics.al\/index.php\/wp-json\/wp\/v2\/media?parent=1068"}],"wp:term":[{"taxonomy":"product_brand","embeddable":true,"href":"https:\/\/jb-electronics.al\/index.php\/wp-json\/wp\/v2\/product_brand?post=1068"},{"taxonomy":"product_cat","embeddable":true,"href":"https:\/\/jb-electronics.al\/index.php\/wp-json\/wp\/v2\/product_cat?post=1068"},{"taxonomy":"product_tag","embeddable":true,"href":"https:\/\/jb-electronics.al\/index.php\/wp-json\/wp\/v2\/product_tag?post=1068"}],"curies":[{"name":"wp","href":"https:\/\/api.w.org\/{rel}","templated":true}]}}